{"id":81,"date":"2025-05-13T01:55:11","date_gmt":"2025-05-13T01:55:11","guid":{"rendered":"https:\/\/caketecnologia.com.br\/msys\/?page_id=81"},"modified":"2025-08-06T18:16:23","modified_gmt":"2025-08-06T21:16:23","slug":"quem-somos","status":"publish","type":"page","link":"https:\/\/msys.com.br\/site\/quem-somos\/","title":{"rendered":"Quem Somos"},"content":{"rendered":"\n<style type=\"text\/css\" data-created_by=\"avia_inline_auto\" id=\"style-css-av-malv1wtx-7b113b27b457186a4be7c5d6402e9daa\">\n.avia-section.av-malv1wtx-7b113b27b457186a4be7c5d6402e9daa{\nbackground-repeat:no-repeat;\nbackground-image:url(https:\/\/msys.com.br\/site\/wp-content\/uploads\/2025\/05\/banner-quem-somos-1.png);\nbackground-position:0% 0%;\nbackground-attachment:scroll;\n}\n<\/style>\n<div id='av_section_1'  class='avia-section av-malv1wtx-7b113b27b457186a4be7c5d6402e9daa main_color avia-section-default avia-no-border-styling  avia-builder-el-0  el_before_av_section  avia-builder-el-first  banners avia-bg-style-scroll av-minimum-height av-minimum-height-custom av-height-custom  container_wrap sidebar_right'  data-section-bg-repeat='no-repeat' data-av_minimum_height_px='290'><div class='container av-section-cont-open' style='height:290px'><main  role=\"main\" itemprop=\"mainContentOfPage\"  class='template-page content  av-content-small alpha units'><div class='post-entry post-entry-type-page post-entry-81'><div class='entry-content-wrapper clearfix'>\n<div  class='flex_column av-13ftd-66d5bb11c0743b20d717261f794a82fa av_one_full  avia-builder-el-1  avia-builder-el-no-sibling  first flex_column_div  '     ><p>\n<style type=\"text\/css\" data-created_by=\"avia_inline_auto\" id=\"style-css-av-malvfe38-5504ff0e3fc27e44281c37cbe0a6ae03\">\n#top .hr.hr-invisible.av-malvfe38-5504ff0e3fc27e44281c37cbe0a6ae03{\nmargin-top:-40px;\nheight:1px;\n}\n<\/style>\n<div  class='hr av-malvfe38-5504ff0e3fc27e44281c37cbe0a6ae03 hr-invisible  avia-builder-el-2  el_before_av_heading  avia-builder-el-first  av-small-hide av-mini-hide'><span class='hr-inner '><span class=\"hr-inner-style\"><\/span><\/span><\/div><br \/>\n\n<style type=\"text\/css\" data-created_by=\"avia_inline_auto\" id=\"style-css-av-malvf3rr-caa982b42247c4e1f327b810e4760600\">\n#top .av-special-heading.av-malvf3rr-caa982b42247c4e1f327b810e4760600{\npadding-bottom:10px;\ncolor:#00632d;\nfont-size:50px;\n}\nbody .av-special-heading.av-malvf3rr-caa982b42247c4e1f327b810e4760600 .av-special-heading-tag .heading-char{\nfont-size:25px;\n}\n#top #wrap_all .av-special-heading.av-malvf3rr-caa982b42247c4e1f327b810e4760600 .av-special-heading-tag{\nfont-size:50px;\n}\n.av-special-heading.av-malvf3rr-caa982b42247c4e1f327b810e4760600 .special-heading-inner-border{\nborder-color:#00632d;\n}\n.av-special-heading.av-malvf3rr-caa982b42247c4e1f327b810e4760600 .av-subheading{\nfont-size:15px;\n}\n\n@media only screen and (min-width: 480px) and (max-width: 767px){ \n#top #wrap_all .av-special-heading.av-malvf3rr-caa982b42247c4e1f327b810e4760600 .av-special-heading-tag{\nfont-size:0.8em;\n}\n}\n\n@media only screen and (max-width: 479px){ \n#top #wrap_all .av-special-heading.av-malvf3rr-caa982b42247c4e1f327b810e4760600 .av-special-heading-tag{\nfont-size:0.8em;\n}\n}\n<\/style>\n<div  class='av-special-heading av-malvf3rr-caa982b42247c4e1f327b810e4760600 av-special-heading-h1 custom-color-heading blockquote modern-quote  avia-builder-el-3  el_after_av_hr  avia-builder-el-last  av-small-hide av-mini-hide av-inherit-size'><h1 class='av-special-heading-tag'  itemprop=\"headline\"  >QUEM SOMOS<\/h1><div class=\"special-heading-border\"><div class=\"special-heading-inner-border\"><\/div><\/div><\/div><\/p><\/div>\n\n<\/div><\/div><\/main><!-- close content main element --><\/div><\/div>\n<style type=\"text\/css\" data-created_by=\"avia_inline_auto\" id=\"style-css-av-24w1h-f810785f43281c6ac9204f23b811b639\">\n.avia-section.av-24w1h-f810785f43281c6ac9204f23b811b639{\nbackground-repeat:repeat;\nbackground-image:url(https:\/\/msys.com.br\/site\/wp-content\/uploads\/2025\/06\/Design-sem-nome-scaled.png);\nbackground-position:0% 0%;\nbackground-attachment:scroll;\nmargin-top:0px;\nmargin-bottom:0px;\n}\n\n@media only screen and (max-width: 479px){ \n.avia-section.av-24w1h-f810785f43281c6ac9204f23b811b639{\nmargin-top:-200px;\n}\n}\n<\/style>\n<div id='av_section_2'  class='avia-section av-24w1h-f810785f43281c6ac9204f23b811b639 main_color avia-section-default avia-no-border-styling  avia-builder-el-4  el_after_av_section  avia-builder-el-last  avia-bg-style-scroll container_wrap sidebar_right'  data-section-bg-repeat='repeat'><div class='container av-section-cont-open' ><div class='template-page content  av-content-small alpha units'><div class='post-entry post-entry-type-page post-entry-81'><div class='entry-content-wrapper clearfix'>\n<div  class='flex_column av-1cdkp-27d65347b2b6b2ab9db8598bfba8c51c av_one_half  avia-builder-el-5  el_before_av_one_half  avia-builder-el-first  first flex_column_div  '     ><p>\n<style type=\"text\/css\" data-created_by=\"avia_inline_auto\" id=\"style-css-av-malysuhu-93c6810c2d840c5d159cdd2b2943bc31\">\n#top .hr.hr-invisible.av-malysuhu-93c6810c2d840c5d159cdd2b2943bc31{\nmargin-top:-30px;\nheight:1px;\n}\n<\/style>\n<div  class='hr av-malysuhu-93c6810c2d840c5d159cdd2b2943bc31 hr-invisible  avia-builder-el-6  el_before_av_image  avia-builder-el-first  av-desktop-hide av-medium-hide'><span class='hr-inner '><span class=\"hr-inner-style\"><\/span><\/span><\/div><br \/>\n\n<style type=\"text\/css\" data-created_by=\"avia_inline_auto\" id=\"style-css-av-malymqmx-71b5057d8c27db51f509c675ebbec8f6\">\n.avia-image-container.av-malymqmx-71b5057d8c27db51f509c675ebbec8f6 img.avia_image{\nbox-shadow:none;\n}\n.avia-image-container.av-malymqmx-71b5057d8c27db51f509c675ebbec8f6 .av-image-caption-overlay-center{\ncolor:#ffffff;\n}\n<\/style>\n<div  class='avia-image-container av-malymqmx-71b5057d8c27db51f509c675ebbec8f6 av-styling- avia-align-center  avia-builder-el-7  el_after_av_hr  avia-builder-el-last '   itemprop=\"image\" itemscope=\"itemscope\" itemtype=\"https:\/\/schema.org\/ImageObject\" ><div class=\"avia-image-container-inner\"><div class=\"avia-image-overlay-wrap\"><img decoding=\"async\" fetchpriority=\"high\" class='wp-image-317 avia-img-lazy-loading-not-317 avia_image ' src=\"https:\/\/msys.com.br\/site\/wp-content\/uploads\/2025\/06\/about-img-v4.png\" alt='' title='about-img-v4'  height=\"700\" width=\"553\"  itemprop=\"thumbnailUrl\" srcset=\"https:\/\/msys.com.br\/site\/wp-content\/uploads\/2025\/06\/about-img-v4.png 553w, https:\/\/msys.com.br\/site\/wp-content\/uploads\/2025\/06\/about-img-v4-237x300.png 237w\" sizes=\"(max-width: 553px) 100vw, 553px\" \/><\/div><\/div><\/div><\/p><\/div><div  class='flex_column av-14b2d-81f7ee0336be485aa3aa82afd8d65d11 av_one_half  avia-builder-el-8  el_after_av_one_half  el_before_av_one_full  flex_column_div  '     ><p>\n<style type=\"text\/css\" data-created_by=\"avia_inline_auto\" id=\"style-css-av-129j5-8acadf42357935afc675678f37246420\">\n#top .hr.hr-invisible.av-129j5-8acadf42357935afc675678f37246420{\nheight:30px;\n}\n<\/style>\n<div  class='hr av-129j5-8acadf42357935afc675678f37246420 hr-invisible  avia-builder-el-9  el_before_av_textblock  avia-builder-el-first '><span class='hr-inner '><span class=\"hr-inner-style\"><\/span><\/span><\/div><br \/>\n\n<style type=\"text\/css\" data-created_by=\"avia_inline_auto\" id=\"style-css-av-malymajo-ffafb30f298ddd5f0d9e60e095f03e5a\">\n#top .av_textblock_section.av-malymajo-ffafb30f298ddd5f0d9e60e095f03e5a .avia_textblock{\ntext-align:justify;\n}\n<\/style>\n<section  class='av_textblock_section av-malymajo-ffafb30f298ddd5f0d9e60e095f03e5a '   itemscope=\"itemscope\" itemtype=\"https:\/\/schema.org\/CreativeWork\" ><div class='avia_textblock'  itemprop=\"text\" ><p><span style=\"font-weight: 400;\">Situada em Valinhos, uma pr\u00f3spera cidade do interior de SP, a MSys tem sido uma refer\u00eancia no mercado de antecipa\u00e7\u00e3o de receb\u00edveis, h\u00e1 quase 30 anos. Fundada em 1996 por Luciano Gallete, a empresa se estabeleceu como refer\u00eancia no setor, destacando-se pela inova\u00e7\u00e3o cont\u00ednua e pelas melhores pr\u00e1ticas em tecnologia da informa\u00e7\u00e3o.<\/span><\/p>\n<p><span style=\"font-weight: 400;\">Desde 2015, com a chegada de Rodrigo Corerato como diretor de tecnologia e projetos, a MSys ampliou sua capacidade de entregar solu\u00e7\u00f5es tecnol\u00f3gicas de ponta. Com uma equipe altamente qualificada e comprometida, a MSys desenvolve produtos eficientes, \u00e1geis e intuitivos, que atendem \u00e0s necessidades espec\u00edficas de seus clientes, proporcionando resultados significativos.<\/span><\/p>\n<p><span style=\"font-weight: 400;\">Nossa miss\u00e3o \u00e9 transformar desafios financeiros em oportunidades de crescimento, oferecendo um software de gest\u00e3o que combina expertise t\u00e9cnica e inova\u00e7\u00e3o. Ao longo dos anos, a MSys construiu uma s\u00f3lida reputa\u00e7\u00e3o baseada na confian\u00e7a e na satisfa\u00e7\u00e3o dos clientes, sendo reconhecida pela excel\u00eancia e pela entrega de valor em suas solu\u00e7\u00f5es de gest\u00e3o.<\/span><\/p>\n<\/div><\/section><br \/>\n\n<style type=\"text\/css\" data-created_by=\"avia_inline_auto\" id=\"style-css-av-malywrup-049e9dcc03dac85d9ccf151f8ef3fffd\">\n#top .hr.hr-invisible.av-malywrup-049e9dcc03dac85d9ccf151f8ef3fffd{\nmargin-top:-10px;\nheight:1px;\n}\n<\/style>\n<div  class='hr av-malywrup-049e9dcc03dac85d9ccf151f8ef3fffd hr-invisible  avia-builder-el-11  el_after_av_textblock  el_before_av_tab_container '><span class='hr-inner '><span class=\"hr-inner-style\"><\/span><\/span><\/div><br \/>\n<div  class='tabcontainer av-malyyvzh-73cc53381d3065f73372076f5ac09202 top_tab  avia-builder-el-12  el_after_av_hr  avia-builder-el-last ' role='tablist'>\n<section class='av_tab_section av_tab_section av-malyxo63-05e21825eec122ffd006d8f13b599f06'  itemscope=\"itemscope\" itemtype=\"https:\/\/schema.org\/CreativeWork\" ><div class='tab active_tab' role='tab' tabindex='0' data-fake-id='#tab-id-1' aria-controls='tab-id-1-content'  itemprop=\"headline\" >Miss\u00e3o<\/div><div id='tab-id-1-content' class='tab_content active_tab_content' aria-hidden=\"false\"><div class='tab_inner_content invers-color'  itemprop=\"text\" ><p><span style=\"font-weight: 400;\">Nossa miss\u00e3o \u00e9 desenvolver, comercializar e dar suporte a sistemas de informa\u00e7\u00e3o para o mercado de Factoring, Securitiza\u00e7\u00e3o, FIDC e ESC, baseado nas melhores pr\u00e1ticas de TI, \u00e0s regras de neg\u00f3cios e \u00e0s necessidades dos clientes, a fim de agregar valor e permitir o cont\u00ednuo crescimento e a obten\u00e7\u00e3o dos melhores resultados para nossos clientes, colaboradores, parceiros e sociedade.<\/span><\/p>\n<\/div><\/div><\/section>\n<section class='av_tab_section av_tab_section av-malyy1kt-d86e57a1356f82c5aed2a9a78e2676a8'  itemscope=\"itemscope\" itemtype=\"https:\/\/schema.org\/CreativeWork\" ><div class='tab' role='tab' tabindex='0' data-fake-id='#tab-id-2' aria-controls='tab-id-2-content'  itemprop=\"headline\" >Vis\u00e3o<\/div><div id='tab-id-2-content' class='tab_content' aria-hidden=\"true\"><div class='tab_inner_content invers-color'  itemprop=\"text\" ><p><span style=\"font-weight: 400;\">Nos destacar no mercado, atrav\u00e9s do fornecimento de uma solu\u00e7\u00e3o de sistema de informa\u00e7\u00e3o que seja completo, pr\u00e1tico e que atenda com excel\u00eancia \u00e0s necessidades de nossos clientes. Desejamos contribuir para o crescimento do mercado de Fomento Comercial, a fim de que esse crescimento possa gerar emprego, renda e prosperidade econ\u00f4mica para a sociedade.<\/span><\/p>\n<\/div><\/div><\/section>\n<section class='av_tab_section av_tab_section av-malyy1kt-1-0b80fb24aa4b28be9c23f00eeb6f29d3'  itemscope=\"itemscope\" itemtype=\"https:\/\/schema.org\/CreativeWork\" ><div class='tab' role='tab' tabindex='0' data-fake-id='#tab-id-3' aria-controls='tab-id-3-content'  itemprop=\"headline\" >Valores<\/div><div id='tab-id-3-content' class='tab_content' aria-hidden=\"true\"><div class='tab_inner_content invers-color'  itemprop=\"text\" ><ul>\n<li><span style=\"font-weight: 400;\">Crescimento<\/span><\/li>\n<li><span style=\"font-weight: 400;\">Excel\u00eancia<\/span><\/li>\n<li><span style=\"font-weight: 400;\">\u00c9tica<\/span><\/li>\n<li><span style=\"font-weight: 400;\">Respeito<\/span><\/li>\n<li><span style=\"font-weight: 400;\">Sustentabilidade<\/span><\/li>\n<\/ul>\n<\/div><\/div><\/section>\n<\/div><\/p><\/div><div  class='flex_column av-84cah-e5927a869369234c907a29d82b105179 av_one_full  avia-builder-el-13  el_after_av_one_half  el_before_av_one_half  first flex_column_div  column-top-margin'     ><style type=\"text\/css\" data-created_by=\"avia_inline_auto\" id=\"style-css-av-7fuvx-1c436dd458b50da2174e40e836d0fed3\">\n#top .av-special-heading.av-7fuvx-1c436dd458b50da2174e40e836d0fed3{\npadding-bottom:10px;\ncolor:#00632d;\nfont-size:50px;\n}\nbody .av-special-heading.av-7fuvx-1c436dd458b50da2174e40e836d0fed3 .av-special-heading-tag .heading-char{\nfont-size:25px;\n}\n#top #wrap_all .av-special-heading.av-7fuvx-1c436dd458b50da2174e40e836d0fed3 .av-special-heading-tag{\nfont-size:50px;\n}\n.av-special-heading.av-7fuvx-1c436dd458b50da2174e40e836d0fed3 .special-heading-inner-border{\nborder-color:#00632d;\n}\n.av-special-heading.av-7fuvx-1c436dd458b50da2174e40e836d0fed3 .av-subheading{\nfont-size:15px;\n}\n\n@media only screen and (min-width: 480px) and (max-width: 767px){ \n#top #wrap_all .av-special-heading.av-7fuvx-1c436dd458b50da2174e40e836d0fed3 .av-special-heading-tag{\nfont-size:0.8em;\n}\n}\n\n@media only screen and (max-width: 479px){ \n#top #wrap_all .av-special-heading.av-7fuvx-1c436dd458b50da2174e40e836d0fed3 .av-special-heading-tag{\nfont-size:0.8em;\n}\n}\n<\/style>\n<div  class='av-special-heading av-7fuvx-1c436dd458b50da2174e40e836d0fed3 av-special-heading-h1 custom-color-heading blockquote modern-quote modern-centered  avia-builder-el-14  avia-builder-el-no-sibling  av-inherit-size'><h1 class='av-special-heading-tag'  itemprop=\"headline\"  >Diretoria<\/h1><div class=\"special-heading-border\"><div class=\"special-heading-inner-border\"><\/div><\/div><\/div><\/div><div  class='flex_column av-1mxa5-362bc8d063476ccb0a1bc186e1d596fe av_one_half  avia-builder-el-15  el_after_av_one_full  el_before_av_one_half  first flex_column_div  column-top-margin'     ><p>\n<style type=\"text\/css\" data-created_by=\"avia_inline_auto\" id=\"style-css-av-malz0t3f-5b1032540d52ec5154ca5c18a240f21d\">\n.avia-image-container.av-malz0t3f-5b1032540d52ec5154ca5c18a240f21d img.avia_image{\nbox-shadow:none;\n}\n.avia-image-container.av-malz0t3f-5b1032540d52ec5154ca5c18a240f21d .av-image-caption-overlay-center{\ncolor:#ffffff;\n}\n<\/style>\n<div  class='avia-image-container av-malz0t3f-5b1032540d52ec5154ca5c18a240f21d av-styling- avia-align-center  avia-builder-el-16  el_before_av_heading  avia-builder-el-first '   itemprop=\"image\" itemscope=\"itemscope\" itemtype=\"https:\/\/schema.org\/ImageObject\" ><div class=\"avia-image-container-inner\"><div class=\"avia-image-overlay-wrap\"><img decoding=\"async\" fetchpriority=\"high\" class='wp-image-415 avia-img-lazy-loading-not-415 avia_image ' src=\"https:\/\/msys.com.br\/site\/wp-content\/uploads\/2025\/08\/foto-luciano-2.png\" alt='' title='foto-luciano-2'  height=\"280\" width=\"264\"  itemprop=\"thumbnailUrl\"  \/><\/div><\/div><\/div><br \/>\n\n<style type=\"text\/css\" data-created_by=\"avia_inline_auto\" id=\"style-css-av-malz5hl8-87b8ed3cab5afa38f482403568999a35\">\n#top .av-special-heading.av-malz5hl8-87b8ed3cab5afa38f482403568999a35{\npadding-bottom:10px;\ncolor:#ffffff;\n}\nbody .av-special-heading.av-malz5hl8-87b8ed3cab5afa38f482403568999a35 .av-special-heading-tag .heading-char{\nfont-size:25px;\n}\n.av-special-heading.av-malz5hl8-87b8ed3cab5afa38f482403568999a35 .special-heading-inner-border{\nborder-color:#ffffff;\n}\n.av-special-heading.av-malz5hl8-87b8ed3cab5afa38f482403568999a35 .av-subheading{\nfont-size:15px;\n}\n\n@media only screen and (max-width: 479px){ \n#top #wrap_all .av-special-heading.av-malz5hl8-87b8ed3cab5afa38f482403568999a35 .av-special-heading-tag{\nfont-size:20px;\n}\n.av-special-heading.av-malz5hl8-87b8ed3cab5afa38f482403568999a35 .av-subheading{\nfont-size:14px;\n}\n}\n<\/style>\n<div  class='av-special-heading av-malz5hl8-87b8ed3cab5afa38f482403568999a35 av-special-heading-h2 custom-color-heading blockquote modern-quote modern-centered  avia-builder-el-17  el_after_av_image  el_before_av_textblock  title_org'><h2 class='av-special-heading-tag'  itemprop=\"headline\"  >Luciano Gallete<\/h2><div class='av_custom_color av-subheading av-subheading_below'><p>CEO e Diretor de Tecnologia e Estrat\u00e9gia<\/p>\n<\/div><div class=\"special-heading-border\"><div class=\"special-heading-inner-border\"><\/div><\/div><\/div><br \/>\n\n<style type=\"text\/css\" data-created_by=\"avia_inline_auto\" id=\"style-css-av-malz9fe9-0f7dbff08feaad7e4e3f9f6ddc45b8bb\">\n#top .av_textblock_section.av-malz9fe9-0f7dbff08feaad7e4e3f9f6ddc45b8bb .avia_textblock{\ntext-align:justify;\n}\n<\/style>\n<section  class='av_textblock_section av-malz9fe9-0f7dbff08feaad7e4e3f9f6ddc45b8bb '   itemscope=\"itemscope\" itemtype=\"https:\/\/schema.org\/CreativeWork\" ><div class='avia_textblock'  itemprop=\"text\" ><p><span style=\"font-weight: 400;\">S\u00f3cio fundador da MSys desde 1996, Graduado em An\u00e1lise de Sistemas pela USF (1997) com experi\u00eancia em TI desde os anos 90. Participou de projetos internacionais de prepara\u00e7\u00e3o de softwares para exporta\u00e7\u00e3o pela Softex. Atuou tamb\u00e9m como cofundador das startups iNovarvm e ProfessionMed e participa como inventor em 2 patentes.<\/span><\/p>\n<\/div><\/section><\/p><\/div><div  class='flex_column av-z9td-236dce0f4a74891e921a6b1a35050f67 av_one_half  avia-builder-el-19  el_after_av_one_half  el_before_av_one_full  flex_column_div  column-top-margin'     ><p>\n<style type=\"text\/css\" data-created_by=\"avia_inline_auto\" id=\"style-css-av-malz19e9-8a22f98ef135ef6f4ef845db8cc7b10c\">\n.avia-image-container.av-malz19e9-8a22f98ef135ef6f4ef845db8cc7b10c img.avia_image{\nbox-shadow:none;\n}\n.avia-image-container.av-malz19e9-8a22f98ef135ef6f4ef845db8cc7b10c .av-image-caption-overlay-center{\ncolor:#ffffff;\n}\n<\/style>\n<div  class='avia-image-container av-malz19e9-8a22f98ef135ef6f4ef845db8cc7b10c av-styling- avia-align-center  avia-builder-el-20  el_before_av_heading  avia-builder-el-first '   itemprop=\"image\" itemscope=\"itemscope\" itemtype=\"https:\/\/schema.org\/ImageObject\" ><div class=\"avia-image-container-inner\"><div class=\"avia-image-overlay-wrap\"><img decoding=\"async\" fetchpriority=\"high\" class='wp-image-441 avia-img-lazy-loading-not-441 avia_image ' src=\"https:\/\/msys.com.br\/site\/wp-content\/uploads\/2025\/08\/foto-rodrigo-v2.png\" alt='' title='foto-rodrigo-v2'  height=\"280\" width=\"264\"  itemprop=\"thumbnailUrl\"  \/><\/div><\/div><\/div><br \/>\n\n<style type=\"text\/css\" data-created_by=\"avia_inline_auto\" id=\"style-css-av-malz66q9-48710c072f3203ef085c87e6f65f3b23\">\n#top .av-special-heading.av-malz66q9-48710c072f3203ef085c87e6f65f3b23{\npadding-bottom:10px;\ncolor:#ffffff;\n}\nbody .av-special-heading.av-malz66q9-48710c072f3203ef085c87e6f65f3b23 .av-special-heading-tag .heading-char{\nfont-size:25px;\n}\n.av-special-heading.av-malz66q9-48710c072f3203ef085c87e6f65f3b23 .special-heading-inner-border{\nborder-color:#ffffff;\n}\n.av-special-heading.av-malz66q9-48710c072f3203ef085c87e6f65f3b23 .av-subheading{\nfont-size:15px;\n}\n\n@media only screen and (max-width: 479px){ \n#top #wrap_all .av-special-heading.av-malz66q9-48710c072f3203ef085c87e6f65f3b23 .av-special-heading-tag{\nfont-size:20px;\n}\n.av-special-heading.av-malz66q9-48710c072f3203ef085c87e6f65f3b23 .av-subheading{\nfont-size:14px;\n}\n}\n<\/style>\n<div  class='av-special-heading av-malz66q9-48710c072f3203ef085c87e6f65f3b23 av-special-heading-h2 custom-color-heading blockquote modern-quote modern-centered  avia-builder-el-21  el_after_av_image  el_before_av_textblock  title_org'><h2 class='av-special-heading-tag'  itemprop=\"headline\"  >Rodrigo Corerato<\/h2><div class='av_custom_color av-subheading av-subheading_below'><p>Diretor de Tecnologia e Projetos<\/p>\n<\/div><div class=\"special-heading-border\"><div class=\"special-heading-inner-border\"><\/div><\/div><\/div><br \/>\n\n<style type=\"text\/css\" data-created_by=\"avia_inline_auto\" id=\"style-css-av-malz83co-b032d682efc14b9e2aa47cacd1226f22\">\n#top .av_textblock_section.av-malz83co-b032d682efc14b9e2aa47cacd1226f22 .avia_textblock{\ntext-align:justify;\n}\n<\/style>\n<section  class='av_textblock_section av-malz83co-b032d682efc14b9e2aa47cacd1226f22 '   itemscope=\"itemscope\" itemtype=\"https:\/\/schema.org\/CreativeWork\" ><div class='avia_textblock'  itemprop=\"text\" ><p><span style=\"font-weight: 400;\">S\u00f3cio diretor da MSys desde 2015, Rodrigo Corerato \u00e9 formado em Sistemas de Informa\u00e7\u00e3o com MBA em Gest\u00e3o Estrat\u00e9gica de Neg\u00f3cios. Possui certifica\u00e7\u00f5es internacionais em ITIL, COBIT e Scrum Master. Em sua carreira, entregou grandes projetos no segmento de Telecom e possui vasta experi\u00eancia em neg\u00f3cios, com destaque para os setores de Ind\u00fastria Farmac\u00eautica, Com\u00e9rcio Exterior e Telecom.<\/span><\/p>\n<\/div><\/section><\/p><\/div><div  class='flex_column av-2ntah-62ab3ecb715fef57828a1bfbabea3da6 av_one_full  avia-builder-el-23  el_after_av_one_half  el_before_av_one_half  first flex_column_div  column-top-margin'     ><style type=\"text\/css\" data-created_by=\"avia_inline_auto\" id=\"style-css-av-malzgbxp-d6275e4a6fcf4acdae04b1145e233e8d\">\n#top .av-special-heading.av-malzgbxp-d6275e4a6fcf4acdae04b1145e233e8d{\npadding-bottom:10px;\ncolor:#00632d;\nfont-size:50px;\n}\nbody .av-special-heading.av-malzgbxp-d6275e4a6fcf4acdae04b1145e233e8d .av-special-heading-tag .heading-char{\nfont-size:25px;\n}\n#top #wrap_all .av-special-heading.av-malzgbxp-d6275e4a6fcf4acdae04b1145e233e8d .av-special-heading-tag{\nfont-size:50px;\n}\n.av-special-heading.av-malzgbxp-d6275e4a6fcf4acdae04b1145e233e8d .special-heading-inner-border{\nborder-color:#00632d;\n}\n.av-special-heading.av-malzgbxp-d6275e4a6fcf4acdae04b1145e233e8d .av-subheading{\nfont-size:15px;\n}\n\n@media only screen and (max-width: 479px){ \n#top #wrap_all .av-special-heading.av-malzgbxp-d6275e4a6fcf4acdae04b1145e233e8d .av-special-heading-tag{\nfont-size:20px;\n}\n}\n\n@media only screen and (min-width: 480px) and (max-width: 767px){ \n#top #wrap_all .av-special-heading.av-malzgbxp-d6275e4a6fcf4acdae04b1145e233e8d .av-special-heading-tag{\nfont-size:0.8em;\n}\n}\n<\/style>\n<div  class='av-special-heading av-malzgbxp-d6275e4a6fcf4acdae04b1145e233e8d av-special-heading-h1 custom-color-heading blockquote modern-quote modern-centered  avia-builder-el-24  avia-builder-el-no-sibling  av-inherit-size'><h1 class='av-special-heading-tag'  itemprop=\"headline\"  >RESPONSABILIDADE SOCIAL<\/h1><div class=\"special-heading-border\"><div class=\"special-heading-inner-border\"><\/div><\/div><\/div><\/div><div  class='flex_column av-2731x-3b2f10a621133580400bb1dddc78fb6a av_one_half  avia-builder-el-25  el_after_av_one_full  el_before_av_one_half  first flex_column_div  column-top-margin'     ><style type=\"text\/css\" data-created_by=\"avia_inline_auto\" id=\"style-css-av-malzgys6-99287a022f2d0cd5365039c720abcd70\">\n.avia-image-container.av-malzgys6-99287a022f2d0cd5365039c720abcd70 img.avia_image{\nbox-shadow:none;\n}\n.avia-image-container.av-malzgys6-99287a022f2d0cd5365039c720abcd70 .av-image-caption-overlay-center{\ncolor:#ffffff;\n}\n<\/style>\n<div  class='avia-image-container av-malzgys6-99287a022f2d0cd5365039c720abcd70 av-styling- avia-align-center  avia-builder-el-26  avia-builder-el-no-sibling '   itemprop=\"image\" itemscope=\"itemscope\" itemtype=\"https:\/\/schema.org\/ImageObject\" ><div class=\"avia-image-container-inner\"><div class=\"avia-image-overlay-wrap\"><img decoding=\"async\" fetchpriority=\"high\" class='wp-image-226 avia-img-lazy-loading-not-226 avia_image ' src=\"https:\/\/msys.com.br\/site\/wp-content\/uploads\/2025\/05\/logo-boldrini-1.png\" alt='' title='logo-boldrini'  height=\"147\" width=\"343\"  itemprop=\"thumbnailUrl\" srcset=\"https:\/\/msys.com.br\/site\/wp-content\/uploads\/2025\/05\/logo-boldrini-1.png 343w, https:\/\/msys.com.br\/site\/wp-content\/uploads\/2025\/05\/logo-boldrini-1-300x129.png 300w\" sizes=\"(max-width: 343px) 100vw, 343px\" \/><\/div><\/div><\/div><\/div><div  class='flex_column av-1gux1-e22589ca81ff6bcb09e917b285b88660 av_one_half  avia-builder-el-27  el_after_av_one_half  avia-builder-el-last  flex_column_div  column-top-margin'     ><p>\n<style type=\"text\/css\" data-created_by=\"avia_inline_auto\" id=\"style-css-av-13dkt-0f25dc1ff327051eb8f49680e2d17054\">\n#top .hr.hr-invisible.av-13dkt-0f25dc1ff327051eb8f49680e2d17054{\nheight:30px;\n}\n<\/style>\n<div  class='hr av-13dkt-0f25dc1ff327051eb8f49680e2d17054 hr-invisible  avia-builder-el-28  el_before_av_textblock  avia-builder-el-first '><span class='hr-inner '><span class=\"hr-inner-style\"><\/span><\/span><\/div><br \/>\n\n<style type=\"text\/css\" data-created_by=\"avia_inline_auto\" id=\"style-css-av-malzhffq-284ab0e567309d3df6ec1a19a1469718\">\n#top .av_textblock_section.av-malzhffq-284ab0e567309d3df6ec1a19a1469718 .avia_textblock{\ntext-align:justify;\n}\n<\/style>\n<section  class='av_textblock_section av-malzhffq-284ab0e567309d3df6ec1a19a1469718 '   itemscope=\"itemscope\" itemtype=\"https:\/\/schema.org\/CreativeWork\" ><div class='avia_textblock'  itemprop=\"text\" ><p><span style=\"font-weight: 400;\">Apoiamos o trabalho realizado pelo Boldrini, que cuida de crian\u00e7as, adolescentes e adultos jovens portadores de doen\u00e7as sangu\u00edneas ou de c\u00e2ncer.<\/span><\/p>\n<\/div><\/section><\/p><\/div><\/div><\/div><\/div><!-- close content main div --><\/div><\/div><div id='after_section_2'  class='main_color av_default_container_wrap container_wrap sidebar_right'  ><div class='container av-section-cont-open' ><div class='template-page content  av-content-small alpha units'><div class='post-entry post-entry-type-page post-entry-81'><div class='entry-content-wrapper clearfix'>\n","protected":false},"excerpt":{"rendered":"","protected":false},"author":1,"featured_media":0,"parent":0,"menu_order":0,"comment_status":"closed","ping_status":"closed","template":"","meta":{"footnotes":""},"class_list":["post-81","page","type-page","status-publish","hentry"],"_links":{"self":[{"href":"https:\/\/msys.com.br\/site\/wp-json\/wp\/v2\/pages\/81","targetHints":{"allow":["GET"]}}],"collection":[{"href":"https:\/\/msys.com.br\/site\/wp-json\/wp\/v2\/pages"}],"about":[{"href":"https:\/\/msys.com.br\/site\/wp-json\/wp\/v2\/types\/page"}],"author":[{"embeddable":true,"href":"https:\/\/msys.com.br\/site\/wp-json\/wp\/v2\/users\/1"}],"replies":[{"embeddable":true,"href":"https:\/\/msys.com.br\/site\/wp-json\/wp\/v2\/comments?post=81"}],"version-history":[{"count":39,"href":"https:\/\/msys.com.br\/site\/wp-json\/wp\/v2\/pages\/81\/revisions"}],"predecessor-version":[{"id":442,"href":"https:\/\/msys.com.br\/site\/wp-json\/wp\/v2\/pages\/81\/revisions\/442"}],"wp:attachment":[{"href":"https:\/\/msys.com.br\/site\/wp-json\/wp\/v2\/media?parent=81"}],"curies":[{"name":"wp","href":"https:\/\/api.w.org\/{rel}","templated":true}]}}