{"id":184,"date":"2025-05-13T06:21:40","date_gmt":"2025-05-13T06:21:40","guid":{"rendered":"https:\/\/caketecnologia.com.br\/msys\/?page_id=184"},"modified":"2025-06-17T14:32:01","modified_gmt":"2025-06-17T17:32:01","slug":"api","status":"publish","type":"page","link":"https:\/\/msys.com.br\/site\/servicos\/api\/","title":{"rendered":"API"},"content":{"rendered":"\n<style type=\"text\/css\" data-created_by=\"avia_inline_auto\" id=\"style-css-av-malv1wtx-945de8f45436001fdb25982bad6bfb18\">\n.avia-section.av-malv1wtx-945de8f45436001fdb25982bad6bfb18{\nbackground-repeat:no-repeat;\nbackground-image:url(https:\/\/msys.com.br\/site\/wp-content\/uploads\/2025\/05\/banner-servicos.png);\nbackground-position:0% 0%;\nbackground-attachment:scroll;\n}\n<\/style>\n<div id='av_section_1'  class='avia-section av-malv1wtx-945de8f45436001fdb25982bad6bfb18 main_color avia-section-default avia-no-border-styling  avia-builder-el-0  el_before_av_section  avia-builder-el-first  banners avia-bg-style-scroll av-minimum-height av-minimum-height-custom av-height-custom  container_wrap sidebar_right'  data-section-bg-repeat='no-repeat' data-av_minimum_height_px='290'><div class='container av-section-cont-open' style='height:290px'><main  role=\"main\" itemprop=\"mainContentOfPage\"  class='template-page content  av-content-small alpha units'><div class='post-entry post-entry-type-page post-entry-184'><div class='entry-content-wrapper clearfix'>\n<div  class='flex_column av-13ftd-66d5bb11c0743b20d717261f794a82fa av_one_full  avia-builder-el-1  avia-builder-el-no-sibling  first flex_column_div  '     ><p>\n<style type=\"text\/css\" data-created_by=\"avia_inline_auto\" id=\"style-css-av-malvfe38-16890316bbd60ec66fdeb2814ce76d8e\">\n#top .hr.hr-invisible.av-malvfe38-16890316bbd60ec66fdeb2814ce76d8e{\nmargin-top:-40px;\nheight:1px;\n}\n<\/style>\n<div  class='hr av-malvfe38-16890316bbd60ec66fdeb2814ce76d8e hr-invisible  avia-builder-el-2  el_before_av_heading  avia-builder-el-first '><span class='hr-inner '><span class=\"hr-inner-style\"><\/span><\/span><\/div><br \/>\n\n<style type=\"text\/css\" data-created_by=\"avia_inline_auto\" id=\"style-css-av-malvf3rr-348fb43cbdc506f9307bfb176ef4d3de\">\n#top .av-special-heading.av-malvf3rr-348fb43cbdc506f9307bfb176ef4d3de{\npadding-bottom:10px;\ncolor:#00632d;\nfont-size:50px;\n}\nbody .av-special-heading.av-malvf3rr-348fb43cbdc506f9307bfb176ef4d3de .av-special-heading-tag .heading-char{\nfont-size:25px;\n}\n#top #wrap_all .av-special-heading.av-malvf3rr-348fb43cbdc506f9307bfb176ef4d3de .av-special-heading-tag{\nfont-size:50px;\n}\n.av-special-heading.av-malvf3rr-348fb43cbdc506f9307bfb176ef4d3de .special-heading-inner-border{\nborder-color:#00632d;\n}\n.av-special-heading.av-malvf3rr-348fb43cbdc506f9307bfb176ef4d3de .av-subheading{\nfont-size:15px;\n}\n\n@media only screen and (min-width: 480px) and (max-width: 767px){ \n#top #wrap_all .av-special-heading.av-malvf3rr-348fb43cbdc506f9307bfb176ef4d3de .av-special-heading-tag{\nfont-size:0.8em;\n}\n}\n\n@media only screen and (max-width: 479px){ \n#top #wrap_all .av-special-heading.av-malvf3rr-348fb43cbdc506f9307bfb176ef4d3de .av-special-heading-tag{\nfont-size:0.8em;\n}\n}\n<\/style>\n<div  class='av-special-heading av-malvf3rr-348fb43cbdc506f9307bfb176ef4d3de av-special-heading-h1 custom-color-heading blockquote modern-quote  avia-builder-el-3  el_after_av_hr  avia-builder-el-last  av-inherit-size'><h1 class='av-special-heading-tag'  itemprop=\"headline\"  >API<\/h1><div class=\"special-heading-border\"><div class=\"special-heading-inner-border\"><\/div><\/div><\/div><\/p><\/div>\n\n<\/div><\/div><\/main><!-- close content main element --><\/div><\/div>\n<style type=\"text\/css\" data-created_by=\"avia_inline_auto\" id=\"style-css-av-24w1h-618a2f7f65b545bb364f3201fd0adf36\">\n.avia-section.av-24w1h-618a2f7f65b545bb364f3201fd0adf36{\nbackground-repeat:repeat;\nbackground-image:url(https:\/\/msys.com.br\/site\/wp-content\/uploads\/2025\/06\/Design-sem-nome-scaled.png);\nbackground-position:0% 0%;\nbackground-attachment:scroll;\n}\n<\/style>\n<div id='av_section_2'  class='avia-section av-24w1h-618a2f7f65b545bb364f3201fd0adf36 main_color avia-section-default avia-no-border-styling  avia-builder-el-4  el_after_av_section  avia-builder-el-last  avia-bg-style-scroll container_wrap sidebar_right'  data-section-bg-repeat='repeat'><div class='container av-section-cont-open' ><div class='template-page content  av-content-small alpha units'><div class='post-entry post-entry-type-page post-entry-184'><div class='entry-content-wrapper clearfix'>\n<div  class='flex_column av-hbni0-7d005de7ec529e9702f7f392877d96a3 av_one_fifth  avia-builder-el-5  el_before_av_three_fifth  avia-builder-el-first  first flex_column_div  '     ><\/div><div  class='flex_column av-n51b4-59d5362a8bdf25d18ae68b5694622ef7 av_three_fifth  avia-builder-el-6  el_after_av_one_fifth  el_before_av_one_fifth  flex_column_div  '     ><p>\n<style type=\"text\/css\" data-created_by=\"avia_inline_auto\" id=\"style-css-av-mam1vs6c-e255291756e6d33f77998022d68f5375\">\n#top .av-special-heading.av-mam1vs6c-e255291756e6d33f77998022d68f5375{\npadding-bottom:10px;\n}\nbody .av-special-heading.av-mam1vs6c-e255291756e6d33f77998022d68f5375 .av-special-heading-tag .heading-char{\nfont-size:25px;\n}\n.av-special-heading.av-mam1vs6c-e255291756e6d33f77998022d68f5375 .av-subheading{\nfont-size:15px;\n}\n<\/style>\n<div  class='av-special-heading av-mam1vs6c-e255291756e6d33f77998022d68f5375 av-special-heading-h2 blockquote modern-quote  avia-builder-el-7  el_before_av_textblock  avia-builder-el-first '><h2 class='av-special-heading-tag'  itemprop=\"headline\"  >Servi\u00e7o de APIs Personalizadas MSys<\/h2><div class=\"special-heading-border\"><div class=\"special-heading-inner-border\"><\/div><\/div><\/div><br \/>\n<section  class='av_textblock_section av-mam1vb55-b78a0b3c8878bca6c4a6ea76b72087c9 '   itemscope=\"itemscope\" itemtype=\"https:\/\/schema.org\/CreativeWork\" ><div class='avia_textblock'  itemprop=\"text\" ><p><span style=\"font-weight: 400;\">Na MSys, entendemos que cada cliente possui necessidades \u00fanicas quando se trata de gest\u00e3o para o mercado de Factoring, Securitizadora, FIDC e ESC. Por isso, oferecemos um servi\u00e7o de APIs personalizadas, projetado para atender \u00e0s suas demandas espec\u00edficas e proporcionar solu\u00e7\u00f5es eficientes e integradas.<\/span><\/p>\n<p><span style=\"font-weight: 400;\">Como Funciona Nosso Servi\u00e7o de APIs:<\/span><\/p>\n<\/div><\/section><br \/>\n\n<style type=\"text\/css\" data-created_by=\"avia_inline_auto\" id=\"style-css-av-mam4gf2s-120c47dc6b2385defa39ade62bd77cf8\">\n#top .togglecontainer.av-mam4gf2s-120c47dc6b2385defa39ade62bd77cf8 p.toggler{\ncolor:#ffffff;\nbackground-color:#00632d;\n}\n#top .togglecontainer.av-mam4gf2s-120c47dc6b2385defa39ade62bd77cf8 p.toggler .toggle_icon{\ncolor:#ffffff;\nborder-color:#ffffff;\n}\n#top .togglecontainer.av-mam4gf2s-120c47dc6b2385defa39ade62bd77cf8 .toggle_wrap .toggle_content{\ncolor:#ffffff;\nbackground-color:#00632d;\n}\n<\/style>\n<div  class='togglecontainer av-mam4gf2s-120c47dc6b2385defa39ade62bd77cf8 av-minimal-toggle  avia-builder-el-9  el_after_av_textblock  avia-builder-el-last  toggle_close_all' >\n<section class='av_toggle_section av-mam4e4cf-7a03f93293c20927d215f34f73dca84f'  itemscope=\"itemscope\" itemtype=\"https:\/\/schema.org\/CreativeWork\" ><div role=\"tablist\" class=\"single_toggle\" data-tags=\"{Todos} \"  ><p data-fake-id='#toggle-id-1' class='toggler   av-inherit-font-color hasCustomColor'  itemprop=\"headline\"  role='tab' tabindex='0' aria-controls='toggle-id-1'>01 - Entendimento das Necessidades do Cliente<span class=\"toggle_icon\"><span class=\"vert_icon\"><\/span><span class=\"hor_icon\"><\/span><\/span><\/p><div id='toggle-id-1' class='toggle_wrap  '  ><div class='toggle_content invers-color av-inherit-font-color hasCustomColor'  itemprop=\"text\" ><p><span style=\"font-weight: 400;\">Nosso processo come\u00e7a com uma reuni\u00e3o detalhada com o cliente. Nossos especialistas se dedicam a compreender a fundo suas necessidades e objetivos espec\u00edficos, garantindo que cada detalhe seja capturado e considerado.<\/span><\/p>\n<\/div><\/div><\/div><\/section>\n<section class='av_toggle_section av-mam4epz0-156444f20f8c2abdefd447d185579343'  itemscope=\"itemscope\" itemtype=\"https:\/\/schema.org\/CreativeWork\" ><div role=\"tablist\" class=\"single_toggle\" data-tags=\"{Todos} \"  ><p data-fake-id='#toggle-id-2' class='toggler   av-inherit-font-color hasCustomColor'  itemprop=\"headline\"  role='tab' tabindex='0' aria-controls='toggle-id-2'>02 - An\u00e1lise T\u00e9cnica<span class=\"toggle_icon\"><span class=\"vert_icon\"><\/span><span class=\"hor_icon\"><\/span><\/span><\/p><div id='toggle-id-2' class='toggle_wrap  '  ><div class='toggle_content invers-color av-inherit-font-color hasCustomColor'  itemprop=\"text\" ><p><span style=\"font-weight: 400;\">Ap\u00f3s identificar as necessidades do cliente, nossa equipe t\u00e9cnica realiza uma an\u00e1lise minuciosa para determinar a API que melhor atender\u00e1 \u00e0s suas demandas. Se uma solu\u00e7\u00e3o padr\u00e3o n\u00e3o for suficiente, desenvolvemos uma API personalizada para assegurar que todas as funcionalidades desejadas sejam contempladas.<\/span><\/p>\n<\/div><\/div><\/div><\/section>\n<section class='av_toggle_section av-mam4epz0-2-90fdf166c6e87d1b8fa56ac53992a9f3'  itemscope=\"itemscope\" itemtype=\"https:\/\/schema.org\/CreativeWork\" ><div role=\"tablist\" class=\"single_toggle\" data-tags=\"{Todos} \"  ><p data-fake-id='#toggle-id-3' class='toggler   av-inherit-font-color hasCustomColor'  itemprop=\"headline\"  role='tab' tabindex='0' aria-controls='toggle-id-3'>03 - Desenvolvimento e Implementa\u00e7\u00e3o<span class=\"toggle_icon\"><span class=\"vert_icon\"><\/span><span class=\"hor_icon\"><\/span><\/span><\/p><div id='toggle-id-3' class='toggle_wrap  '  ><div class='toggle_content invers-color av-inherit-font-color hasCustomColor'  itemprop=\"text\" ><p><span style=\"font-weight: 400;\">Com a solu\u00e7\u00e3o ideal definida, nossa equipe de desenvolvedores entra em a\u00e7\u00e3o, criando a API sob medida para o seu neg\u00f3cio. Garantimos que a implementa\u00e7\u00e3o seja realizada de forma eficiente e integrada, minimizando interrup\u00e7\u00f5es e maximizando a efic\u00e1cia operacional.<\/span><\/p>\n<\/div><\/div><\/div><\/section>\n<section class='av_toggle_section av-mam4epz0-1-5973d97ddd26ce16197af89dc6c0c0e4'  itemscope=\"itemscope\" itemtype=\"https:\/\/schema.org\/CreativeWork\" ><div role=\"tablist\" class=\"single_toggle\" data-tags=\"{Todos} \"  ><p data-fake-id='#toggle-id-4' class='toggler   av-inherit-font-color hasCustomColor'  itemprop=\"headline\"  role='tab' tabindex='0' aria-controls='toggle-id-4'>04 - Suporte Cont\u00ednuo<span class=\"toggle_icon\"><span class=\"vert_icon\"><\/span><span class=\"hor_icon\"><\/span><\/span><\/p><div id='toggle-id-4' class='toggle_wrap  '  ><div class='toggle_content invers-color av-inherit-font-color hasCustomColor'  itemprop=\"text\" ><p><span style=\"font-weight: 400;\">Nosso compromisso n\u00e3o termina com a entrega da API. Oferecemos suporte cont\u00ednuo para assegurar que a solu\u00e7\u00e3o continue a atender suas necessidades \u00e0 medida que seu neg\u00f3cio evolui. Estamos sempre prontos para ajustar e melhorar nossos servi\u00e7os conforme necess\u00e1rio.<\/span><\/p>\n<\/div><\/div><\/div><\/section>\n<\/div><\/p><\/div><div  class='flex_column av-7z3rc-42c147e772dd9f065c2cdcbd5d64dadc av_one_fifth  avia-builder-el-10  el_after_av_three_fifth  el_before_av_one_fifth  flex_column_div  '     ><\/div><div  class='flex_column av-eeud3-957a0718a11379f881d8d9633f0a4a9c av_one_fifth  avia-builder-el-11  el_after_av_one_fifth  el_before_av_three_fifth  first flex_column_div  column-top-margin'     ><\/div><div  class='flex_column av-ev400-36b6f6abcca68e948ea0ad4679482344 av_three_fifth  avia-builder-el-12  el_after_av_one_fifth  el_before_av_one_fifth  flex_column_div  column-top-margin'     ><p>\n<style type=\"text\/css\" data-created_by=\"avia_inline_auto\" id=\"style-css-av-mam1x8fs-1cab4ed82cf5fba3258b18d39c9bdc92\">\n#top .av_textblock_section.av-mam1x8fs-1cab4ed82cf5fba3258b18d39c9bdc92 .avia_textblock{\ncolor:#474747;\n}\n<\/style>\n<section  class='av_textblock_section av-mam1x8fs-1cab4ed82cf5fba3258b18d39c9bdc92 '   itemscope=\"itemscope\" itemtype=\"https:\/\/schema.org\/CreativeWork\" ><div class='avia_textblock av_inherit_color'  itemprop=\"text\" ><p>Na MSys, nosso objetivo \u00e9 proporcionar solu\u00e7\u00f5es de software de gest\u00e3o que realmente fa\u00e7am a diferen\u00e7a no seu neg\u00f3cio. Entre em contato conosco para saber mais sobre como nossos servi\u00e7os de APIs personalizadas podem transformar a gest\u00e3o da sua empresa.<\/p>\n<\/div><\/section><br \/>\n\n<style type=\"text\/css\" data-created_by=\"avia_inline_auto\" id=\"style-css-av-mam4hpp2-ee6180af678f8b204abf3540d60915a8\">\n#top .av-special-heading.av-mam4hpp2-ee6180af678f8b204abf3540d60915a8{\npadding-bottom:10px;\n}\nbody .av-special-heading.av-mam4hpp2-ee6180af678f8b204abf3540d60915a8 .av-special-heading-tag .heading-char{\nfont-size:25px;\n}\n.av-special-heading.av-mam4hpp2-ee6180af678f8b204abf3540d60915a8 .av-subheading{\nfont-size:15px;\n}\n<\/style>\n<div  class='av-special-heading av-mam4hpp2-ee6180af678f8b204abf3540d60915a8 av-special-heading-h2 blockquote modern-quote  avia-builder-el-14  el_after_av_textblock  avia-builder-el-last '><h2 class='av-special-heading-tag'  itemprop=\"headline\"  >MSys &#8211; Solu\u00e7\u00f5es de Software que Empoderam seu Neg\u00f3cio<\/h2><div class=\"special-heading-border\"><div class=\"special-heading-inner-border\"><\/div><\/div><\/div><\/p><\/div><div  class='flex_column av-af0w7-c05c7f1ba9262a8071427bd6c85faba2 av_one_fifth  avia-builder-el-15  el_after_av_three_fifth  avia-builder-el-last  flex_column_div  column-top-margin'     ><\/div>\n<\/div><\/div><\/div><!-- close content main div --><\/div><\/div><div id='after_section_2'  class='main_color av_default_container_wrap container_wrap sidebar_right'  ><div class='container av-section-cont-open' ><div class='template-page content  av-content-small alpha units'><div class='post-entry post-entry-type-page post-entry-184'><div class='entry-content-wrapper clearfix'>\n","protected":false},"excerpt":{"rendered":"","protected":false},"author":1,"featured_media":0,"parent":130,"menu_order":0,"comment_status":"closed","ping_status":"closed","template":"","meta":{"footnotes":""},"class_list":["post-184","page","type-page","status-publish","hentry"],"_links":{"self":[{"href":"https:\/\/msys.com.br\/site\/wp-json\/wp\/v2\/pages\/184","targetHints":{"allow":["GET"]}}],"collection":[{"href":"https:\/\/msys.com.br\/site\/wp-json\/wp\/v2\/pages"}],"about":[{"href":"https:\/\/msys.com.br\/site\/wp-json\/wp\/v2\/types\/page"}],"author":[{"embeddable":true,"href":"https:\/\/msys.com.br\/site\/wp-json\/wp\/v2\/users\/1"}],"replies":[{"embeddable":true,"href":"https:\/\/msys.com.br\/site\/wp-json\/wp\/v2\/comments?post=184"}],"version-history":[{"count":7,"href":"https:\/\/msys.com.br\/site\/wp-json\/wp\/v2\/pages\/184\/revisions"}],"predecessor-version":[{"id":356,"href":"https:\/\/msys.com.br\/site\/wp-json\/wp\/v2\/pages\/184\/revisions\/356"}],"up":[{"embeddable":true,"href":"https:\/\/msys.com.br\/site\/wp-json\/wp\/v2\/pages\/130"}],"wp:attachment":[{"href":"https:\/\/msys.com.br\/site\/wp-json\/wp\/v2\/media?parent=184"}],"curies":[{"name":"wp","href":"https:\/\/api.w.org\/{rel}","templated":true}]}}