{"id":180,"date":"2025-05-13T06:14:26","date_gmt":"2025-05-13T06:14:26","guid":{"rendered":"https:\/\/caketecnologia.com.br\/msys\/?page_id=180"},"modified":"2025-06-18T08:18:58","modified_gmt":"2025-06-18T11:18:58","slug":"treinamento","status":"publish","type":"page","link":"https:\/\/msys.com.br\/site\/servicos\/treinamento\/","title":{"rendered":"Treinamento"},"content":{"rendered":"\n<style type=\"text\/css\" data-created_by=\"avia_inline_auto\" id=\"style-css-av-malv1wtx-945de8f45436001fdb25982bad6bfb18\">\n.avia-section.av-malv1wtx-945de8f45436001fdb25982bad6bfb18{\nbackground-repeat:no-repeat;\nbackground-image:url(https:\/\/msys.com.br\/site\/wp-content\/uploads\/2025\/05\/banner-servicos.png);\nbackground-position:0% 0%;\nbackground-attachment:scroll;\n}\n<\/style>\n<div id='av_section_1'  class='avia-section av-malv1wtx-945de8f45436001fdb25982bad6bfb18 main_color avia-section-default avia-no-border-styling  avia-builder-el-0  el_before_av_section  avia-builder-el-first  banners avia-bg-style-scroll av-minimum-height av-minimum-height-custom av-height-custom  container_wrap sidebar_right'  data-section-bg-repeat='no-repeat' data-av_minimum_height_px='290'><div class='container av-section-cont-open' style='height:290px'><main  role=\"main\" itemprop=\"mainContentOfPage\"  class='template-page content  av-content-small alpha units'><div class='post-entry post-entry-type-page post-entry-180'><div class='entry-content-wrapper clearfix'>\n<div  class='flex_column av-13ftd-66d5bb11c0743b20d717261f794a82fa av_one_full  avia-builder-el-1  avia-builder-el-no-sibling  first flex_column_div  '     ><p>\n<style type=\"text\/css\" data-created_by=\"avia_inline_auto\" id=\"style-css-av-malvfe38-16890316bbd60ec66fdeb2814ce76d8e\">\n#top .hr.hr-invisible.av-malvfe38-16890316bbd60ec66fdeb2814ce76d8e{\nmargin-top:-40px;\nheight:1px;\n}\n<\/style>\n<div  class='hr av-malvfe38-16890316bbd60ec66fdeb2814ce76d8e hr-invisible  avia-builder-el-2  el_before_av_heading  avia-builder-el-first '><span class='hr-inner '><span class=\"hr-inner-style\"><\/span><\/span><\/div><br \/>\n\n<style type=\"text\/css\" data-created_by=\"avia_inline_auto\" id=\"style-css-av-malvf3rr-8c3706188a71bb6e2beeed2ff18d0de4\">\n#top .av-special-heading.av-malvf3rr-8c3706188a71bb6e2beeed2ff18d0de4{\npadding-bottom:10px;\ncolor:#00632d;\nfont-size:50px;\n}\nbody .av-special-heading.av-malvf3rr-8c3706188a71bb6e2beeed2ff18d0de4 .av-special-heading-tag .heading-char{\nfont-size:25px;\n}\n#top #wrap_all .av-special-heading.av-malvf3rr-8c3706188a71bb6e2beeed2ff18d0de4 .av-special-heading-tag{\nfont-size:50px;\n}\n.av-special-heading.av-malvf3rr-8c3706188a71bb6e2beeed2ff18d0de4 .special-heading-inner-border{\nborder-color:#00632d;\n}\n.av-special-heading.av-malvf3rr-8c3706188a71bb6e2beeed2ff18d0de4 .av-subheading{\nfont-size:15px;\n}\n\n@media only screen and (min-width: 480px) and (max-width: 767px){ \n#top #wrap_all .av-special-heading.av-malvf3rr-8c3706188a71bb6e2beeed2ff18d0de4 .av-special-heading-tag{\nfont-size:0.8em;\n}\n}\n\n@media only screen and (max-width: 479px){ \n#top #wrap_all .av-special-heading.av-malvf3rr-8c3706188a71bb6e2beeed2ff18d0de4 .av-special-heading-tag{\nfont-size:0.8em;\n}\n}\n<\/style>\n<div  class='av-special-heading av-malvf3rr-8c3706188a71bb6e2beeed2ff18d0de4 av-special-heading-h1 custom-color-heading blockquote modern-quote  avia-builder-el-3  el_after_av_hr  avia-builder-el-last  av-inherit-size'><h1 class='av-special-heading-tag'  itemprop=\"headline\"  >Treinamento<\/h1><div class=\"special-heading-border\"><div class=\"special-heading-inner-border\"><\/div><\/div><\/div><\/p><\/div>\n\n<\/div><\/div><\/main><!-- close content main element --><\/div><\/div>\n<style type=\"text\/css\" data-created_by=\"avia_inline_auto\" id=\"style-css-av-24w1h-618a2f7f65b545bb364f3201fd0adf36\">\n.avia-section.av-24w1h-618a2f7f65b545bb364f3201fd0adf36{\nbackground-repeat:repeat;\nbackground-image:url(https:\/\/msys.com.br\/site\/wp-content\/uploads\/2025\/06\/Design-sem-nome-scaled.png);\nbackground-position:0% 0%;\nbackground-attachment:scroll;\n}\n<\/style>\n<div id='av_section_2'  class='avia-section av-24w1h-618a2f7f65b545bb364f3201fd0adf36 main_color avia-section-default avia-no-border-styling  avia-builder-el-4  el_after_av_section  avia-builder-el-last  avia-bg-style-scroll container_wrap sidebar_right'  data-section-bg-repeat='repeat'><div class='container av-section-cont-open' ><div class='template-page content  av-content-small alpha units'><div class='post-entry post-entry-type-page post-entry-180'><div class='entry-content-wrapper clearfix'>\n<div  class='flex_column av-hbni0-7d005de7ec529e9702f7f392877d96a3 av_one_fifth  avia-builder-el-5  el_before_av_three_fifth  avia-builder-el-first  first flex_column_div  '     ><\/div><div  class='flex_column av-n51b4-59d5362a8bdf25d18ae68b5694622ef7 av_three_fifth  avia-builder-el-6  el_after_av_one_fifth  el_before_av_one_fifth  flex_column_div  '     ><p>\n<style type=\"text\/css\" data-created_by=\"avia_inline_auto\" id=\"style-css-av-mam1vs6c-631c544662bd5ab7c293b5c67bc591e3\">\n#top .av-special-heading.av-mam1vs6c-631c544662bd5ab7c293b5c67bc591e3{\npadding-bottom:10px;\n}\nbody .av-special-heading.av-mam1vs6c-631c544662bd5ab7c293b5c67bc591e3 .av-special-heading-tag .heading-char{\nfont-size:25px;\n}\n.av-special-heading.av-mam1vs6c-631c544662bd5ab7c293b5c67bc591e3 .av-subheading{\nfont-size:15px;\n}\n<\/style>\n<div  class='av-special-heading av-mam1vs6c-631c544662bd5ab7c293b5c67bc591e3 av-special-heading-h2 blockquote modern-quote  avia-builder-el-7  el_before_av_textblock  avia-builder-el-first '><h2 class='av-special-heading-tag'  itemprop=\"headline\"  >Treinamento Personalizado<\/h2><div class=\"special-heading-border\"><div class=\"special-heading-inner-border\"><\/div><\/div><\/div><br \/>\n<section  class='av_textblock_section av-mam1vb55-b78a0b3c8878bca6c4a6ea76b72087c9 '   itemscope=\"itemscope\" itemtype=\"https:\/\/schema.org\/CreativeWork\" ><div class='avia_textblock'  itemprop=\"text\" ><p><span style=\"font-weight: 400;\">Na MSys, entendemos que a efici\u00eancia e o sucesso de nossos clientes dependem diretamente da sua capacidade de utilizar nossas solu\u00e7\u00f5es de gest\u00e3o de forma eficaz. Por isso, oferecemos um servi\u00e7o de treinamento personalizado, voltado especificamente para empresas de Factoring, Securitizadoras, FIDC e ESC. Nosso compromisso \u00e9 garantir que cada cliente esteja completamente preparado para utilizar nosso sistema com confian\u00e7a e facilidade.<\/span><\/p>\n<\/div><\/section><\/p><\/div><div  class='flex_column av-7z3rc-42c147e772dd9f065c2cdcbd5d64dadc av_one_fifth  avia-builder-el-9  el_after_av_three_fifth  el_before_av_one_full  flex_column_div  '     ><\/div><div  class='flex_column av-8upuk-60496c3aab0b939e82c1be67922e9716 av_one_full  avia-builder-el-10  el_after_av_one_fifth  el_before_av_one_full  first flex_column_div  column-top-margin'     ><style type=\"text\/css\" data-created_by=\"avia_inline_auto\" id=\"style-css-av-mam0ddtf-97649d0cab43f8bf3f7fc16ef2fa2bd4\">\n.avia-icon-grid-container.av-mam0ddtf-97649d0cab43f8bf3f7fc16ef2fa2bd4 .avia-icongrid{\njustify-content:space-between;\nrow-gap:20px;\n}\n.avia-icon-grid-container.av-mam0ddtf-97649d0cab43f8bf3f7fc16ef2fa2bd4 li.av-icon-cell-item{\nflex-basis:calc(25% - 15px);\n}\n.avia-icon-grid-container.av-mam0ddtf-97649d0cab43f8bf3f7fc16ef2fa2bd4 .avia-icongrid-wrapper .avia-icongrid-front{\nbackground-color:#01632a;\nbackground:linear-gradient( to bottom right, #01632a, #0b6c07 );\nborder-radius:25px 25px 25px 25px;\nbox-shadow: 5px 5px 5px 5px #dddddd;\n}\n.avia-icon-grid-container.av-mam0ddtf-97649d0cab43f8bf3f7fc16ef2fa2bd4 .avia-icongrid-wrapper .avia-icongrid-front .avia-icongrid-inner{\npadding:25px 25px 25px 25px;\n}\n.avia-icon-grid-container.av-mam0ddtf-97649d0cab43f8bf3f7fc16ef2fa2bd4 .avia-icongrid-wrapper .avia-icongrid-icon{\ncolor:#ffffff;\n}\n.avia-icon-grid-container.av-mam0ddtf-97649d0cab43f8bf3f7fc16ef2fa2bd4 .avia-icongrid-wrapper .icongrid_title{\ncolor:#ffffff;\n}\n.avia-icon-grid-container.av-mam0ddtf-97649d0cab43f8bf3f7fc16ef2fa2bd4 .avia-icongrid-wrapper .icongrid_subtitle{\ncolor:#ffffff;\n}\n.avia-icon-grid-container.av-mam0ddtf-97649d0cab43f8bf3f7fc16ef2fa2bd4 .avia-icongrid-wrapper .avia-icongrid-content{\nbackground-color:#ededed;\n}\n.avia-icon-grid-container.av-mam0ddtf-97649d0cab43f8bf3f7fc16ef2fa2bd4 .avia-icongrid-wrapper .avia-icongrid-content .avia-icongrid-inner{\nfont-size:14px;\npadding:25px 25px 25px 25px;\n}\n.avia-icon-grid-container.av-mam0ddtf-97649d0cab43f8bf3f7fc16ef2fa2bd4 .avia-icongrid-wrapper .avia-icongrid-content .avia-icongrid-text{\ncolor:#2b2b2b;\n}\n.avia-icon-grid-container.av-mam0ddtf-97649d0cab43f8bf3f7fc16ef2fa2bd4 .avia-icongrid-wrapper .avia-icongrid-flipback{\nfont-size:14px;\nbackground-color:#ededed;\nborder-radius:25px 25px 25px 25px;\n}\n.avia-icon-grid-container.av-mam0ddtf-97649d0cab43f8bf3f7fc16ef2fa2bd4 .avia-icongrid-wrapper .avia-icongrid-flipback .avia-icongrid-inner{\npadding:25px 25px 25px 25px;\n}\n.avia-icon-grid-container.av-mam0ddtf-97649d0cab43f8bf3f7fc16ef2fa2bd4 .avia-icongrid-wrapper .avia-icongrid-flipback .avia-icongrid-text{\ncolor:#2b2b2b;\n}\n.avia-icon-grid-container.av-mam0ddtf-97649d0cab43f8bf3f7fc16ef2fa2bd4 .avia-icongrid-wrapper .avia-icongrid-front.bg-img:before{\nborder-radius:25px 25px 25px 25px;\n}\n.avia-icon-grid-container.av-mam0ddtf-97649d0cab43f8bf3f7fc16ef2fa2bd4 .avia-icongrid-wrapper .avia-icongrid-flipback.bg-img:before{\nborder-radius:25px 25px 25px 25px;\n}\n\n@media only screen and (min-width: 768px) and (max-width: 989px){ \n#top .avia-icon-grid-container.av-mam0ddtf-97649d0cab43f8bf3f7fc16ef2fa2bd4 .avia-icongrid.av-flex-cells.av-can-break-50.av-50-break-989 li{\nflex:0 1 calc(50% - 10px);\n}\n}\n\n@media only screen and (max-width: 767px){ \n#top .avia-icon-grid-container.av-mam0ddtf-97649d0cab43f8bf3f7fc16ef2fa2bd4 .avia-icongrid.av-flex-cells.av-can-break-50.av-50-break-767 li{\nflex:0 1 calc(50% - 10px);\n}\n}\n<\/style>\n\n<style type=\"text\/css\" data-created_by=\"avia_inline_auto\" id=\"style-css-sub-av-mam0ddtf-97649d0cab43f8bf3f7fc16ef2fa2bd4\">\n.avia-icon-grid-container .avia-icongrid-wrapper.av-mam0a58w-1b4ed773fa717abf12e3204b40fe1794 .avia-icongrid-front{\nborder-radius:25px 25px 25px 25px;\n}\n.avia-icon-grid-container .avia-icongrid-wrapper.av-mam0a58w-1b4ed773fa717abf12e3204b40fe1794 .avia-icongrid-content{\nborder-radius:25px 25px 25px 25px;\n}\n.avia-icon-grid-container .avia-icongrid-wrapper.av-mam0a58w-1b4ed773fa717abf12e3204b40fe1794 .avia-icongrid-flipback{\nborder-radius:25px 25px 25px 25px;\n}\n.avia-icon-grid-container .avia-icongrid-wrapper.av-mam0a58w-1b4ed773fa717abf12e3204b40fe1794 .avia-icongrid-content .avia-icongrid-text{\ncolor:#2b2b2b;\n}\n.avia-icon-grid-container .avia-icongrid-wrapper.av-mam0a58w-1b4ed773fa717abf12e3204b40fe1794 .avia-icongrid-flipback .avia-icongrid-text{\ncolor:#2b2b2b;\n}\n.avia-icon-grid-container .avia-icongrid-flipbox .avia-icongrid-wrapper.av-mam0a58w-1b4ed773fa717abf12e3204b40fe1794 .avia-icongrid-front.bg-img:before{\nborder-radius:25px 25px 25px 25px;\n}\n.avia-icon-grid-container .avia-icongrid-flipbox .avia-icongrid-wrapper.av-mam0a58w-1b4ed773fa717abf12e3204b40fe1794 .avia-icongrid-flipback.bg-img:before{\nborder-radius:25px 25px 25px 25px;\n}\n<\/style>\n<div  class='avia-icon-grid-container av-mam0ddtf-97649d0cab43f8bf3f7fc16ef2fa2bd4  avia-builder-el-11  avia-builder-el-no-sibling ' data-min-height=\"250\"><ul id='avia-icongrid-69fb35d79c689' class='avia-icongrid clearfix avia_animate_when_almost_visible avia-icongrid-flipbox avia-icongrid-numrow-4 avia-cell-space-between av-flex-cells av-break-767 av-can-break-50'>\n<li class='av-icon-cell-item av-row-with-4-cells av-row-nr-1 av-cell-1 av-first-cell-row av-first-cell-item'><div class='avia-icongrid-wrapper av-mam0a58w-1b4ed773fa717abf12e3204b40fe1794'><article class='article-icon-entry '  itemscope=\"itemscope\" itemtype=\"https:\/\/schema.org\/CreativeWork\" ><div class='avia-icongrid-front '><div class=\"avia-icongrid-inner\"><header class=\"entry-content-header\"><h4 class='av_icongrid_title icongrid_title '  itemprop=\"headline\" >Treinamento Sob Medida para Suas Necessidades<\/h4><\/header><\/div><\/div><div class='avia-icongrid-flipback '><div class=\"avia-icongrid-inner\"><div class='avia-icongrid-text'  itemprop=\"text\" ><p><span style=\"font-weight: 400;\">Nosso servi\u00e7o de treinamento \u00e9 realizado por t\u00e9cnicos especializados que n\u00e3o apenas dominam o nosso sistema, mas tamb\u00e9m compreendem profundamente o seu neg\u00f3cio. Sabemos que cada opera\u00e7\u00e3o \u00e9 \u00fanica, e por isso, adaptamos o treinamento \u00e0s especificidades do seu dia a dia. Seja qual for o tipo de opera\u00e7\u00e3o que sua empresa realiza, nosso objetivo \u00e9 tornar o aprendizado pr\u00e1tico e relevante, facilitando a familiariza\u00e7\u00e3o com o sistema antes mesmo do seu uso di\u00e1rio.<\/span><\/p>\n<\/div><\/div><\/div><\/article><\/div><\/li>\n<li class='av-icon-cell-item av-row-with-4-cells av-row-nr-1 av-cell-2 av-first-cell-row av-inner-cell-item'><div class='avia-icongrid-wrapper av-lszci-47fbf88311428e45e06fc1d494b5636e'><article class='article-icon-entry '  itemscope=\"itemscope\" itemtype=\"https:\/\/schema.org\/CreativeWork\" ><div class='avia-icongrid-front '><div class=\"avia-icongrid-inner\"><header class=\"entry-content-header\"><h4 class='av_icongrid_title icongrid_title '  itemprop=\"headline\" >Acompanhamento P\u00f3s-Treinamento<\/h4><\/header><\/div><\/div><div class='avia-icongrid-flipback '><div class=\"avia-icongrid-inner\"><div class='avia-icongrid-text'  itemprop=\"text\" ><p><span style=\"font-weight: 400;\">Nos primeiros meses de utiliza\u00e7\u00e3o, nossa equipe estar\u00e1 ao seu lado, acompanhando de perto suas opera\u00e7\u00f5es para garantir que voc\u00ea se sinta seguro e confiante. Estamos prontos para esclarecer d\u00favidas, auxiliar nas primeiras opera\u00e7\u00f5es e assegurar que todos os processos sejam realizados de forma correta e eficiente. Esse suporte inicial \u00e9 essencial para consolidar o conhecimento adquirido e proporcionar uma transi\u00e7\u00e3o suave para o uso aut\u00f4nomo do sistema.<\/span><\/p>\n<\/div><\/div><\/div><\/article><\/div><\/li>\n<li class='av-icon-cell-item av-row-with-4-cells av-row-nr-1 av-cell-3 av-first-cell-row av-inner-cell-item'><div class='avia-icongrid-wrapper av-dt2dm-df5b6deb559b07dd45825693acda38f0'><article class='article-icon-entry '  itemscope=\"itemscope\" itemtype=\"https:\/\/schema.org\/CreativeWork\" ><div class='avia-icongrid-front '><div class=\"avia-icongrid-inner\"><header class=\"entry-content-header\"><h4 class='av_icongrid_title icongrid_title '  itemprop=\"headline\" >Treinamentos de Reciclagem e Atualiza\u00e7\u00e3o<\/h4><\/header><\/div><\/div><div class='avia-icongrid-flipback '><div class=\"avia-icongrid-inner\"><div class='avia-icongrid-text'  itemprop=\"text\" ><p><span style=\"font-weight: 400;\">O mercado est\u00e1 em constante evolu\u00e7\u00e3o, e na MSys, queremos que nossos clientes estejam sempre \u00e0 frente. Oferecemos treinamentos de reciclagem e sess\u00f5es pontuais para manter voc\u00ea e sua equipe atualizados sobre novas funcionalidades e produtos. Esteja sempre competitivo, aproveitando ao m\u00e1ximo as inova\u00e7\u00f5es que lan\u00e7amos para o mercado.<\/span><\/p>\n<\/div><\/div><\/div><\/article><\/div><\/li>\n<li class='av-icon-cell-item av-row-with-4-cells av-row-nr-1 av-cell-4 av-first-cell-row av-last-cell-item'><div class='avia-icongrid-wrapper av-dt2dm-4-1035ff424bb731e21ed91974ec63099c'><article class='article-icon-entry '  itemscope=\"itemscope\" itemtype=\"https:\/\/schema.org\/CreativeWork\" ><div class='avia-icongrid-front '><div class=\"avia-icongrid-inner\"><header class=\"entry-content-header\"><h4 class='av_icongrid_title icongrid_title '  itemprop=\"headline\" >Compromisso com o Sucesso do Cliente<\/h4><\/header><\/div><\/div><div class='avia-icongrid-flipback '><div class=\"avia-icongrid-inner\"><div class='avia-icongrid-text'  itemprop=\"text\" ><p><span style=\"font-weight: 400;\">Na MSys, vamos al\u00e9m do treinamento. Nosso empenho \u00e9 para que voc\u00ea esteja altamente capacitado para utilizar o sistema e obter o m\u00e1ximo de benef\u00edcios que ele pode proporcionar. Estamos aqui para garantir que seu investimento em nossa solu\u00e7\u00e3o se traduza em ganhos de efici\u00eancia, seguran\u00e7a e sucesso operacional.<\/span><\/p>\n<\/div><\/div><\/div><\/article><\/div><\/li>\n<\/ul><\/div><\/div><div  class='flex_column av-ev400-b173dd971f9b590709f00c6b505c92fa av_one_full  avia-builder-el-12  el_after_av_one_full  avia-builder-el-last  first flex_column_div  column-top-margin'     ><style type=\"text\/css\" data-created_by=\"avia_inline_auto\" id=\"style-css-av-mam1x8fs-0a9d763369ecdc63a05e321f80f1c8e6\">\n#top .av_textblock_section.av-mam1x8fs-0a9d763369ecdc63a05e321f80f1c8e6 .avia_textblock{\nfont-size:14px;\ncolor:#474747;\n}\n<\/style>\n<section  class='av_textblock_section av-mam1x8fs-0a9d763369ecdc63a05e321f80f1c8e6 '   itemscope=\"itemscope\" itemtype=\"https:\/\/schema.org\/CreativeWork\" ><div class='avia_textblock av_inherit_color'  itemprop=\"text\" ><p style=\"text-align: center;\">Descubra a diferen\u00e7a que um treinamento personalizado e cont\u00ednuo pode fazer para o seu neg\u00f3cio.<\/p>\n<p style=\"text-align: center;\"><strong>Entre em contato conosco e saiba mais sobre como podemos ajudar a potencializar sua gest\u00e3o com o sistema MSys.<\/strong><\/p>\n<\/div><\/section><\/div><\/div><\/div><\/div><!-- close content main div --><\/div><\/div><div id='after_section_2'  class='main_color av_default_container_wrap container_wrap sidebar_right'  ><div class='container av-section-cont-open' ><div class='template-page content  av-content-small alpha units'><div class='post-entry post-entry-type-page post-entry-180'><div class='entry-content-wrapper clearfix'>\n","protected":false},"excerpt":{"rendered":"","protected":false},"author":1,"featured_media":0,"parent":130,"menu_order":0,"comment_status":"closed","ping_status":"closed","template":"","meta":{"footnotes":""},"class_list":["post-180","page","type-page","status-publish","hentry"],"_links":{"self":[{"href":"https:\/\/msys.com.br\/site\/wp-json\/wp\/v2\/pages\/180","targetHints":{"allow":["GET"]}}],"collection":[{"href":"https:\/\/msys.com.br\/site\/wp-json\/wp\/v2\/pages"}],"about":[{"href":"https:\/\/msys.com.br\/site\/wp-json\/wp\/v2\/types\/page"}],"author":[{"embeddable":true,"href":"https:\/\/msys.com.br\/site\/wp-json\/wp\/v2\/users\/1"}],"replies":[{"embeddable":true,"href":"https:\/\/msys.com.br\/site\/wp-json\/wp\/v2\/comments?post=180"}],"version-history":[{"count":10,"href":"https:\/\/msys.com.br\/site\/wp-json\/wp\/v2\/pages\/180\/revisions"}],"predecessor-version":[{"id":361,"href":"https:\/\/msys.com.br\/site\/wp-json\/wp\/v2\/pages\/180\/revisions\/361"}],"up":[{"embeddable":true,"href":"https:\/\/msys.com.br\/site\/wp-json\/wp\/v2\/pages\/130"}],"wp:attachment":[{"href":"https:\/\/msys.com.br\/site\/wp-json\/wp\/v2\/media?parent=180"}],"curies":[{"name":"wp","href":"https:\/\/api.w.org\/{rel}","templated":true}]}}