{"id":178,"date":"2025-05-13T06:07:52","date_gmt":"2025-05-13T06:07:52","guid":{"rendered":"https:\/\/caketecnologia.com.br\/msys\/?page_id=178"},"modified":"2025-06-23T16:26:07","modified_gmt":"2025-06-23T19:26:07","slug":"suporte","status":"publish","type":"page","link":"https:\/\/msys.com.br\/site\/servicos\/suporte\/","title":{"rendered":"Suporte"},"content":{"rendered":"\n<style type=\"text\/css\" data-created_by=\"avia_inline_auto\" id=\"style-css-av-malv1wtx-945de8f45436001fdb25982bad6bfb18\">\n.avia-section.av-malv1wtx-945de8f45436001fdb25982bad6bfb18{\nbackground-repeat:no-repeat;\nbackground-image:url(https:\/\/msys.com.br\/site\/wp-content\/uploads\/2025\/05\/banner-servicos.png);\nbackground-position:0% 0%;\nbackground-attachment:scroll;\n}\n<\/style>\n<div id='av_section_1'  class='avia-section av-malv1wtx-945de8f45436001fdb25982bad6bfb18 main_color avia-section-default avia-no-border-styling  avia-builder-el-0  el_before_av_section  avia-builder-el-first  banners avia-bg-style-scroll av-minimum-height av-minimum-height-custom av-height-custom  container_wrap sidebar_right'  data-section-bg-repeat='no-repeat' data-av_minimum_height_px='290'><div class='container av-section-cont-open' style='height:290px'><main  role=\"main\" itemprop=\"mainContentOfPage\"  class='template-page content  av-content-small alpha units'><div class='post-entry post-entry-type-page post-entry-178'><div class='entry-content-wrapper clearfix'>\n<div  class='flex_column av-13ftd-66d5bb11c0743b20d717261f794a82fa av_one_full  avia-builder-el-1  avia-builder-el-no-sibling  first flex_column_div  '     ><p>\n<style type=\"text\/css\" data-created_by=\"avia_inline_auto\" id=\"style-css-av-malvfe38-16890316bbd60ec66fdeb2814ce76d8e\">\n#top .hr.hr-invisible.av-malvfe38-16890316bbd60ec66fdeb2814ce76d8e{\nmargin-top:-40px;\nheight:1px;\n}\n<\/style>\n<div  class='hr av-malvfe38-16890316bbd60ec66fdeb2814ce76d8e hr-invisible  avia-builder-el-2  el_before_av_heading  avia-builder-el-first '><span class='hr-inner '><span class=\"hr-inner-style\"><\/span><\/span><\/div><br \/>\n\n<style type=\"text\/css\" data-created_by=\"avia_inline_auto\" id=\"style-css-av-malvf3rr-ce68b06f841c667f5e016c771617242c\">\n#top .av-special-heading.av-malvf3rr-ce68b06f841c667f5e016c771617242c{\npadding-bottom:10px;\ncolor:#00632d;\nfont-size:50px;\n}\nbody .av-special-heading.av-malvf3rr-ce68b06f841c667f5e016c771617242c .av-special-heading-tag .heading-char{\nfont-size:25px;\n}\n#top #wrap_all .av-special-heading.av-malvf3rr-ce68b06f841c667f5e016c771617242c .av-special-heading-tag{\nfont-size:50px;\n}\n.av-special-heading.av-malvf3rr-ce68b06f841c667f5e016c771617242c .special-heading-inner-border{\nborder-color:#00632d;\n}\n.av-special-heading.av-malvf3rr-ce68b06f841c667f5e016c771617242c .av-subheading{\nfont-size:15px;\n}\n\n@media only screen and (min-width: 480px) and (max-width: 767px){ \n#top #wrap_all .av-special-heading.av-malvf3rr-ce68b06f841c667f5e016c771617242c .av-special-heading-tag{\nfont-size:0.8em;\n}\n}\n\n@media only screen and (max-width: 479px){ \n#top #wrap_all .av-special-heading.av-malvf3rr-ce68b06f841c667f5e016c771617242c .av-special-heading-tag{\nfont-size:0.8em;\n}\n}\n<\/style>\n<div  class='av-special-heading av-malvf3rr-ce68b06f841c667f5e016c771617242c av-special-heading-h1 custom-color-heading blockquote modern-quote  avia-builder-el-3  el_after_av_hr  avia-builder-el-last  av-inherit-size'><h1 class='av-special-heading-tag'  itemprop=\"headline\"  >Suporte<\/h1><div class=\"special-heading-border\"><div class=\"special-heading-inner-border\"><\/div><\/div><\/div><\/p><\/div>\n\n<\/div><\/div><\/main><!-- close content main element --><\/div><\/div>\n<style type=\"text\/css\" data-created_by=\"avia_inline_auto\" id=\"style-css-av-24w1h-618a2f7f65b545bb364f3201fd0adf36\">\n.avia-section.av-24w1h-618a2f7f65b545bb364f3201fd0adf36{\nbackground-repeat:repeat;\nbackground-image:url(https:\/\/msys.com.br\/site\/wp-content\/uploads\/2025\/06\/Design-sem-nome-scaled.png);\nbackground-position:0% 0%;\nbackground-attachment:scroll;\n}\n<\/style>\n<div id='av_section_2'  class='avia-section av-24w1h-618a2f7f65b545bb364f3201fd0adf36 main_color avia-section-default avia-no-border-styling  avia-builder-el-4  el_after_av_section  avia-builder-el-last  avia-bg-style-scroll container_wrap sidebar_right'  data-section-bg-repeat='repeat'><div class='container av-section-cont-open' ><div class='template-page content  av-content-small alpha units'><div class='post-entry post-entry-type-page post-entry-178'><div class='entry-content-wrapper clearfix'>\n<div  class='flex_column av-hbni0-7d005de7ec529e9702f7f392877d96a3 av_one_fifth  avia-builder-el-5  el_before_av_three_fifth  avia-builder-el-first  first flex_column_div  '     ><\/div><div  class='flex_column av-n51b4-59d5362a8bdf25d18ae68b5694622ef7 av_three_fifth  avia-builder-el-6  el_after_av_one_fifth  el_before_av_one_fifth  flex_column_div  '     ><p>\n<style type=\"text\/css\" data-created_by=\"avia_inline_auto\" id=\"style-css-av-mam1vs6c-490c73fe3cfcebdf31811a582d0df2c0\">\n#top .av-special-heading.av-mam1vs6c-490c73fe3cfcebdf31811a582d0df2c0{\npadding-bottom:10px;\n}\nbody .av-special-heading.av-mam1vs6c-490c73fe3cfcebdf31811a582d0df2c0 .av-special-heading-tag .heading-char{\nfont-size:25px;\n}\n.av-special-heading.av-mam1vs6c-490c73fe3cfcebdf31811a582d0df2c0 .av-subheading{\nfont-size:15px;\n}\n<\/style>\n<div  class='av-special-heading av-mam1vs6c-490c73fe3cfcebdf31811a582d0df2c0 av-special-heading-h2 blockquote modern-quote  avia-builder-el-7  el_before_av_textblock  avia-builder-el-first '><h2 class='av-special-heading-tag'  itemprop=\"headline\"  >Suporte MSys: Excel\u00eancia em Atendimento para o Sucesso do Seu Neg\u00f3cio<\/h2><div class=\"special-heading-border\"><div class=\"special-heading-inner-border\"><\/div><\/div><\/div><br \/>\n<section  class='av_textblock_section av-mam1vb55-b78a0b3c8878bca6c4a6ea76b72087c9 '   itemscope=\"itemscope\" itemtype=\"https:\/\/schema.org\/CreativeWork\" ><div class='avia_textblock'  itemprop=\"text\" ><p><span style=\"font-weight: 400;\">Na MSys, entendemos que o sucesso do seu neg\u00f3cio vai al\u00e9m da simples utiliza\u00e7\u00e3o de um sistema de gest\u00e3o. Por isso, oferecemos um servi\u00e7o de suporte completo e diferenciado para clientes no mercado de Factoring, Securitizadora, FIDC e ESC.<\/span><\/p>\n<p><span style=\"font-weight: 400;\">Nosso suporte \u00e9 mais do que apenas um aux\u00edlio t\u00e9cnico. Estamos aqui para esclarecer todas as suas d\u00favidas e proporcionar orienta\u00e7\u00f5es que possam alavancar seu neg\u00f3cio. Sabemos que o mercado est\u00e1 em constante evolu\u00e7\u00e3o e que, para se manter competitivo, \u00e9 essencial estar atualizado com as \u00faltimas tend\u00eancias e oportunidades.<\/span><\/p>\n<p><b>O que voc\u00ea pode esperar do nosso suporte:<\/b><\/p>\n<\/div><\/section><\/p><\/div><div  class='flex_column av-7z3rc-42c147e772dd9f065c2cdcbd5d64dadc av_one_fifth  avia-builder-el-9  el_after_av_three_fifth  el_before_av_one_full  flex_column_div  '     ><\/div><div  class='flex_column av-8upuk-60496c3aab0b939e82c1be67922e9716 av_one_full  avia-builder-el-10  el_after_av_one_fifth  el_before_av_one_fifth  first flex_column_div  column-top-margin'     ><style type=\"text\/css\" data-created_by=\"avia_inline_auto\" id=\"style-css-av-mam0ddtf-b329cac8e5de43553de9a43831006139\">\n.avia-icon-grid-container.av-mam0ddtf-b329cac8e5de43553de9a43831006139 .avia-icongrid{\njustify-content:space-between;\nrow-gap:20px;\n}\n.avia-icon-grid-container.av-mam0ddtf-b329cac8e5de43553de9a43831006139 li.av-icon-cell-item{\nflex-basis:calc(25% - 15px);\n}\n.avia-icon-grid-container.av-mam0ddtf-b329cac8e5de43553de9a43831006139 .avia-icongrid-wrapper .avia-icongrid-front{\nbackground-color:#01632a;\nbackground:linear-gradient( to bottom right, #01632a, #0b6c07 );\nborder-radius:25px 25px 25px 25px;\nbox-shadow: 5px 5px 5px 5px #dddddd;\n}\n.avia-icon-grid-container.av-mam0ddtf-b329cac8e5de43553de9a43831006139 .avia-icongrid-wrapper .avia-icongrid-front .avia-icongrid-inner{\npadding:25px 25px 25px 25px;\n}\n.avia-icon-grid-container.av-mam0ddtf-b329cac8e5de43553de9a43831006139 .avia-icongrid-wrapper .avia-icongrid-icon{\ncolor:#ffffff;\n}\n.avia-icon-grid-container.av-mam0ddtf-b329cac8e5de43553de9a43831006139 .avia-icongrid-wrapper .icongrid_title{\ncolor:#ffffff;\n}\n.avia-icon-grid-container.av-mam0ddtf-b329cac8e5de43553de9a43831006139 .avia-icongrid-wrapper .icongrid_subtitle{\ncolor:#ffffff;\n}\n.avia-icon-grid-container.av-mam0ddtf-b329cac8e5de43553de9a43831006139 .avia-icongrid-wrapper .avia-icongrid-content{\nbackground-color:#ededed;\n}\n.avia-icon-grid-container.av-mam0ddtf-b329cac8e5de43553de9a43831006139 .avia-icongrid-wrapper .avia-icongrid-content .avia-icongrid-inner{\npadding:25px 25px 25px 25px;\n}\n.avia-icon-grid-container.av-mam0ddtf-b329cac8e5de43553de9a43831006139 .avia-icongrid-wrapper .avia-icongrid-content .avia-icongrid-text{\ncolor:#2b2b2b;\n}\n.avia-icon-grid-container.av-mam0ddtf-b329cac8e5de43553de9a43831006139 .avia-icongrid-wrapper .avia-icongrid-flipback{\nbackground-color:#ededed;\nborder-radius:25px 25px 25px 25px;\n}\n.avia-icon-grid-container.av-mam0ddtf-b329cac8e5de43553de9a43831006139 .avia-icongrid-wrapper .avia-icongrid-flipback .avia-icongrid-inner{\npadding:25px 25px 25px 25px;\n}\n.avia-icon-grid-container.av-mam0ddtf-b329cac8e5de43553de9a43831006139 .avia-icongrid-wrapper .avia-icongrid-flipback .avia-icongrid-text{\ncolor:#2b2b2b;\n}\n.avia-icon-grid-container.av-mam0ddtf-b329cac8e5de43553de9a43831006139 .avia-icongrid-wrapper .avia-icongrid-front.bg-img:before{\nborder-radius:25px 25px 25px 25px;\n}\n.avia-icon-grid-container.av-mam0ddtf-b329cac8e5de43553de9a43831006139 .avia-icongrid-wrapper .avia-icongrid-flipback.bg-img:before{\nborder-radius:25px 25px 25px 25px;\n}\n\n@media only screen and (min-width: 768px) and (max-width: 989px){ \n#top .avia-icon-grid-container.av-mam0ddtf-b329cac8e5de43553de9a43831006139 .avia-icongrid.av-flex-cells.av-can-break-50.av-50-break-989 li{\nflex:0 1 calc(50% - 10px);\n}\n}\n\n@media only screen and (max-width: 767px){ \n#top .avia-icon-grid-container.av-mam0ddtf-b329cac8e5de43553de9a43831006139 .avia-icongrid.av-flex-cells.av-can-break-50.av-50-break-767 li{\nflex:0 1 calc(50% - 10px);\n}\n}\n<\/style>\n\n<style type=\"text\/css\" data-created_by=\"avia_inline_auto\" id=\"style-css-sub-av-mam0ddtf-b329cac8e5de43553de9a43831006139\">\n.avia-icon-grid-container .avia-icongrid-wrapper.av-mam0a58w-a887a9cb9f2b9ec39acc78ad2b99bf22 .avia-icongrid-front{\nborder-radius:25px 25px 25px 25px;\n}\n.avia-icon-grid-container .avia-icongrid-wrapper.av-mam0a58w-a887a9cb9f2b9ec39acc78ad2b99bf22 .avia-icongrid-content{\nborder-radius:25px 25px 25px 25px;\n}\n.avia-icon-grid-container .avia-icongrid-wrapper.av-mam0a58w-a887a9cb9f2b9ec39acc78ad2b99bf22 .avia-icongrid-flipback{\nborder-radius:25px 25px 25px 25px;\n}\n.avia-icon-grid-container .avia-icongrid-wrapper.av-mam0a58w-a887a9cb9f2b9ec39acc78ad2b99bf22 .avia-icongrid-content .avia-icongrid-text{\ncolor:#2b2b2b;\n}\n.avia-icon-grid-container .avia-icongrid-wrapper.av-mam0a58w-a887a9cb9f2b9ec39acc78ad2b99bf22 .avia-icongrid-flipback .avia-icongrid-text{\ncolor:#2b2b2b;\n}\n.avia-icon-grid-container .avia-icongrid-flipbox .avia-icongrid-wrapper.av-mam0a58w-a887a9cb9f2b9ec39acc78ad2b99bf22 .avia-icongrid-front.bg-img:before{\nborder-radius:25px 25px 25px 25px;\n}\n.avia-icon-grid-container .avia-icongrid-flipbox .avia-icongrid-wrapper.av-mam0a58w-a887a9cb9f2b9ec39acc78ad2b99bf22 .avia-icongrid-flipback.bg-img:before{\nborder-radius:25px 25px 25px 25px;\n}\n<\/style>\n<div  class='avia-icon-grid-container av-mam0ddtf-b329cac8e5de43553de9a43831006139  avia-builder-el-11  avia-builder-el-no-sibling ' data-min-height=\"250\"><ul id='avia-icongrid-69fb35b51ca68' class='avia-icongrid clearfix avia_animate_when_almost_visible avia-icongrid-flipbox avia-icongrid-numrow-4 avia-cell-space-between av-flex-cells av-break-767 av-can-break-50'>\n<li class='av-icon-cell-item av-row-with-4-cells av-row-nr-1 av-cell-1 av-first-cell-row av-first-cell-item'><div class='avia-icongrid-wrapper av-mam0a58w-a887a9cb9f2b9ec39acc78ad2b99bf22'><article class='article-icon-entry '  itemscope=\"itemscope\" itemtype=\"https:\/\/schema.org\/CreativeWork\" ><div class='avia-icongrid-front '><div class=\"avia-icongrid-inner\"><header class=\"entry-content-header\"><h4 class='av_icongrid_title icongrid_title '  itemprop=\"headline\" >Atendimento \u00c1gil e Eficiente<\/h4><\/header><\/div><\/div><div class='avia-icongrid-flipback '><div class=\"avia-icongrid-inner\"><div class='avia-icongrid-text'  itemprop=\"text\" ><p><span style=\"font-weight: 400;\">Nossa equipe est\u00e1 sempre pronta para atender suas necessidades de forma r\u00e1pida e eficaz. Entendemos que tempo \u00e9 dinheiro e trabalhamos para garantir que voc\u00ea tenha o menor tempo de espera poss\u00edvel.<\/span><\/p>\n<\/div><\/div><\/div><\/article><\/div><\/li>\n<li class='av-icon-cell-item av-row-with-4-cells av-row-nr-1 av-cell-2 av-first-cell-row av-inner-cell-item'><div class='avia-icongrid-wrapper av-lszci-13b1ca038444c60f460a235de3caadf8'><article class='article-icon-entry '  itemscope=\"itemscope\" itemtype=\"https:\/\/schema.org\/CreativeWork\" ><div class='avia-icongrid-front '><div class=\"avia-icongrid-inner\"><header class=\"entry-content-header\"><h4 class='av_icongrid_title icongrid_title '  itemprop=\"headline\" >Solu\u00e7\u00f5es Pr\u00e1ticas e Efetivas<\/h4><\/header><\/div><\/div><div class='avia-icongrid-flipback '><div class=\"avia-icongrid-inner\"><div class='avia-icongrid-text'  itemprop=\"text\" ><p><span style=\"font-weight: 400;\">Fornecemos respostas claras e diretas, focadas em resolver suas quest\u00f5es de forma pr\u00e1tica e eficiente, garantindo que sua empresa continue operando sem interrup\u00e7\u00f5es.<\/span><\/p>\n<\/div><\/div><\/div><\/article><\/div><\/li>\n<li class='av-icon-cell-item av-row-with-4-cells av-row-nr-1 av-cell-3 av-first-cell-row av-inner-cell-item'><div class='avia-icongrid-wrapper av-dt2dm-b06ad2262eebfd1f209735a066e641b5'><article class='article-icon-entry '  itemscope=\"itemscope\" itemtype=\"https:\/\/schema.org\/CreativeWork\" ><div class='avia-icongrid-front '><div class=\"avia-icongrid-inner\"><header class=\"entry-content-header\"><h4 class='av_icongrid_title icongrid_title '  itemprop=\"headline\" >Orienta\u00e7\u00e3o Estrat\u00e9gica<\/h4><\/header><\/div><\/div><div class='avia-icongrid-flipback '><div class=\"avia-icongrid-inner\"><div class='avia-icongrid-text'  itemprop=\"text\" ><p><span style=\"font-weight: 400;\">Al\u00e9m de auxiliar na utiliza\u00e7\u00e3o do nosso sistema, oferecemos orienta\u00e7\u00f5es estrat\u00e9gicas sobre o seu neg\u00f3cio. Nossa equipe est\u00e1 atualizada com as \u00faltimas novidades do mercado e pode ajudar voc\u00ea a identificar novas oportunidades e otimizar suas opera\u00e7\u00f5es.<\/span><\/p>\n<\/div><\/div><\/div><\/article><\/div><\/li>\n<li class='av-icon-cell-item av-row-with-4-cells av-row-nr-1 av-cell-4 av-first-cell-row av-last-cell-item'><div class='avia-icongrid-wrapper av-dt2dm-4-f1939f1514982955731e815c262bdecd'><article class='article-icon-entry '  itemscope=\"itemscope\" itemtype=\"https:\/\/schema.org\/CreativeWork\" ><div class='avia-icongrid-front '><div class=\"avia-icongrid-inner\"><header class=\"entry-content-header\"><h4 class='av_icongrid_title icongrid_title '  itemprop=\"headline\" >Excel\u00eancia no Atendimento<\/h4><\/header><\/div><\/div><div class='avia-icongrid-flipback '><div class=\"avia-icongrid-inner\"><div class='avia-icongrid-text'  itemprop=\"text\" ><p><span style=\"font-weight: 400;\">Nosso compromisso \u00e9 proporcionar uma experi\u00eancia de atendimento de excel\u00eancia. Cada intera\u00e7\u00e3o \u00e9 uma oportunidade para superar suas expectativas e garantir sua total satisfa\u00e7\u00e3o.<\/span><\/p>\n<\/div><\/div><\/div><\/article><\/div><\/li>\n<\/ul><\/div><\/div><div  class='flex_column av-eeud3-957a0718a11379f881d8d9633f0a4a9c av_one_fifth  avia-builder-el-12  el_after_av_one_full  el_before_av_three_fifth  first flex_column_div  column-top-margin'     ><\/div><div  class='flex_column av-ev400-36b6f6abcca68e948ea0ad4679482344 av_three_fifth  avia-builder-el-13  el_after_av_one_fifth  el_before_av_one_fifth  flex_column_div  column-top-margin'     ><section  class='av_textblock_section av-mam1x8fs-0258ce84a60e00606cb4f0e782412340 '   itemscope=\"itemscope\" itemtype=\"https:\/\/schema.org\/CreativeWork\" ><div class='avia_textblock'  itemprop=\"text\" ><p><b>Seu Parceiro para Crescimento<\/b><\/p>\n<p><span style=\"font-weight: 400;\">Ao contratar o sistema da MSys, voc\u00ea n\u00e3o est\u00e1 apenas adquirindo um sistema de gest\u00e3o; est\u00e1 ganhando um parceiro dedicado ao crescimento e sucesso do seu neg\u00f3cio. Nossa miss\u00e3o \u00e9 facilitar seu dia a dia, ajudar voc\u00ea a tomar decis\u00f5es informadas e garantir que sua empresa esteja sempre \u00e0 frente no mercado.<\/span><\/p>\n<p><span style=\"font-weight: 400;\">Entre em contato conosco e experimente o diferencial de um suporte que realmente entende suas necessidades e trabalha para seu sucesso.<\/span><\/p>\n<\/div><\/section><\/div><div  class='flex_column av-af0w7-c05c7f1ba9262a8071427bd6c85faba2 av_one_fifth  avia-builder-el-15  el_after_av_three_fifth  avia-builder-el-last  flex_column_div  column-top-margin'     ><\/div><\/div><\/div><\/div><!-- close content main div --><\/div><\/div><div id='after_section_2'  class='main_color av_default_container_wrap container_wrap sidebar_right'  ><div class='container av-section-cont-open' ><div class='template-page content  av-content-small alpha units'><div class='post-entry post-entry-type-page post-entry-178'><div class='entry-content-wrapper clearfix'>\n","protected":false},"excerpt":{"rendered":"","protected":false},"author":1,"featured_media":0,"parent":130,"menu_order":0,"comment_status":"closed","ping_status":"closed","template":"","meta":{"footnotes":""},"class_list":["post-178","page","type-page","status-publish","hentry"],"_links":{"self":[{"href":"https:\/\/msys.com.br\/site\/wp-json\/wp\/v2\/pages\/178","targetHints":{"allow":["GET"]}}],"collection":[{"href":"https:\/\/msys.com.br\/site\/wp-json\/wp\/v2\/pages"}],"about":[{"href":"https:\/\/msys.com.br\/site\/wp-json\/wp\/v2\/types\/page"}],"author":[{"embeddable":true,"href":"https:\/\/msys.com.br\/site\/wp-json\/wp\/v2\/users\/1"}],"replies":[{"embeddable":true,"href":"https:\/\/msys.com.br\/site\/wp-json\/wp\/v2\/comments?post=178"}],"version-history":[{"count":4,"href":"https:\/\/msys.com.br\/site\/wp-json\/wp\/v2\/pages\/178\/revisions"}],"predecessor-version":[{"id":403,"href":"https:\/\/msys.com.br\/site\/wp-json\/wp\/v2\/pages\/178\/revisions\/403"}],"up":[{"embeddable":true,"href":"https:\/\/msys.com.br\/site\/wp-json\/wp\/v2\/pages\/130"}],"wp:attachment":[{"href":"https:\/\/msys.com.br\/site\/wp-json\/wp\/v2\/media?parent=178"}],"curies":[{"name":"wp","href":"https:\/\/api.w.org\/{rel}","templated":true}]}}