{"id":170,"date":"2025-05-13T05:52:57","date_gmt":"2025-05-13T05:52:57","guid":{"rendered":"https:\/\/caketecnologia.com.br\/msys\/?page_id=170"},"modified":"2025-06-23T16:25:25","modified_gmt":"2025-06-23T19:25:25","slug":"sifacweb","status":"publish","type":"page","link":"https:\/\/msys.com.br\/site\/produtos\/sifacweb\/","title":{"rendered":"SIFACWEB"},"content":{"rendered":"\n<style type=\"text\/css\" data-created_by=\"avia_inline_auto\" id=\"style-css-av-malv1wtx-62e2972c8254dc14461ae05f2e9ff3d6\">\n.avia-section.av-malv1wtx-62e2972c8254dc14461ae05f2e9ff3d6{\nbackground-repeat:no-repeat;\nbackground-image:url(https:\/\/msys.com.br\/site\/wp-content\/uploads\/2025\/05\/banner-produtos.png);\nbackground-position:0% 0%;\nbackground-attachment:scroll;\n}\n<\/style>\n<div id='av_section_1'  class='avia-section av-malv1wtx-62e2972c8254dc14461ae05f2e9ff3d6 main_color avia-section-default avia-no-border-styling  avia-builder-el-0  el_before_av_section  avia-builder-el-first  banners avia-bg-style-scroll av-minimum-height av-minimum-height-custom av-height-custom  container_wrap sidebar_right'  data-section-bg-repeat='no-repeat' data-av_minimum_height_px='290'><div class='container av-section-cont-open' style='height:290px'><main  role=\"main\" itemprop=\"mainContentOfPage\"  class='template-page content  av-content-small alpha units'><div class='post-entry post-entry-type-page post-entry-170'><div class='entry-content-wrapper clearfix'>\n<div  class='flex_column av-13ftd-66d5bb11c0743b20d717261f794a82fa av_one_full  avia-builder-el-1  avia-builder-el-no-sibling  first flex_column_div  '     ><p>\n<style type=\"text\/css\" data-created_by=\"avia_inline_auto\" id=\"style-css-av-malvfe38-16890316bbd60ec66fdeb2814ce76d8e\">\n#top .hr.hr-invisible.av-malvfe38-16890316bbd60ec66fdeb2814ce76d8e{\nmargin-top:-40px;\nheight:1px;\n}\n<\/style>\n<div  class='hr av-malvfe38-16890316bbd60ec66fdeb2814ce76d8e hr-invisible  avia-builder-el-2  el_before_av_heading  avia-builder-el-first '><span class='hr-inner '><span class=\"hr-inner-style\"><\/span><\/span><\/div><br \/>\n\n<style type=\"text\/css\" data-created_by=\"avia_inline_auto\" id=\"style-css-av-malvf3rr-2118c57185d1f9933a9fcf37f1433dae\">\n#top .av-special-heading.av-malvf3rr-2118c57185d1f9933a9fcf37f1433dae{\npadding-bottom:10px;\ncolor:#00632d;\nfont-size:50px;\n}\nbody .av-special-heading.av-malvf3rr-2118c57185d1f9933a9fcf37f1433dae .av-special-heading-tag .heading-char{\nfont-size:25px;\n}\n#top #wrap_all .av-special-heading.av-malvf3rr-2118c57185d1f9933a9fcf37f1433dae .av-special-heading-tag{\nfont-size:50px;\n}\n.av-special-heading.av-malvf3rr-2118c57185d1f9933a9fcf37f1433dae .special-heading-inner-border{\nborder-color:#00632d;\n}\n.av-special-heading.av-malvf3rr-2118c57185d1f9933a9fcf37f1433dae .av-subheading{\nfont-size:15px;\n}\n\n@media only screen and (min-width: 480px) and (max-width: 767px){ \n#top #wrap_all .av-special-heading.av-malvf3rr-2118c57185d1f9933a9fcf37f1433dae .av-special-heading-tag{\nfont-size:0.8em;\n}\n}\n\n@media only screen and (max-width: 479px){ \n#top #wrap_all .av-special-heading.av-malvf3rr-2118c57185d1f9933a9fcf37f1433dae .av-special-heading-tag{\nfont-size:0.8em;\n}\n}\n<\/style>\n<div  class='av-special-heading av-malvf3rr-2118c57185d1f9933a9fcf37f1433dae av-special-heading-h1 custom-color-heading blockquote modern-quote modern-right  avia-builder-el-3  el_after_av_hr  avia-builder-el-last  av-inherit-size'><h1 class='av-special-heading-tag'  itemprop=\"headline\"  >SIFACWEB<\/h1><div class=\"special-heading-border\"><div class=\"special-heading-inner-border\"><\/div><\/div><\/div><\/p><\/div>\n\n<\/div><\/div><\/main><!-- close content main element --><\/div><\/div>\n<style type=\"text\/css\" data-created_by=\"avia_inline_auto\" id=\"style-css-av-24w1h-618a2f7f65b545bb364f3201fd0adf36\">\n.avia-section.av-24w1h-618a2f7f65b545bb364f3201fd0adf36{\nbackground-repeat:repeat;\nbackground-image:url(https:\/\/msys.com.br\/site\/wp-content\/uploads\/2025\/06\/Design-sem-nome-scaled.png);\nbackground-position:0% 0%;\nbackground-attachment:scroll;\n}\n<\/style>\n<div id='av_section_2'  class='avia-section av-24w1h-618a2f7f65b545bb364f3201fd0adf36 main_color avia-section-default avia-no-border-styling  avia-builder-el-4  el_after_av_section  avia-builder-el-last  avia-bg-style-scroll container_wrap sidebar_right'  data-section-bg-repeat='repeat'><div class='container av-section-cont-open' ><div class='template-page content  av-content-small alpha units'><div class='post-entry post-entry-type-page post-entry-170'><div class='entry-content-wrapper clearfix'>\n<div  class='flex_column av-hbni0-7d005de7ec529e9702f7f392877d96a3 av_one_fifth  avia-builder-el-5  el_before_av_three_fifth  avia-builder-el-first  first flex_column_div  '     ><\/div><div  class='flex_column av-n51b4-59d5362a8bdf25d18ae68b5694622ef7 av_three_fifth  avia-builder-el-6  el_after_av_one_fifth  el_before_av_one_fifth  flex_column_div  '     ><p>\n<style type=\"text\/css\" data-created_by=\"avia_inline_auto\" id=\"style-css-av-mam1vs6c-767dbe6217cbeeded617842e50b2565e\">\n#top .av-special-heading.av-mam1vs6c-767dbe6217cbeeded617842e50b2565e{\npadding-bottom:10px;\n}\nbody .av-special-heading.av-mam1vs6c-767dbe6217cbeeded617842e50b2565e .av-special-heading-tag .heading-char{\nfont-size:25px;\n}\n.av-special-heading.av-mam1vs6c-767dbe6217cbeeded617842e50b2565e .av-subheading{\nfont-size:15px;\n}\n<\/style>\n<div  class='av-special-heading av-mam1vs6c-767dbe6217cbeeded617842e50b2565e av-special-heading-h2 blockquote modern-quote  avia-builder-el-7  el_before_av_textblock  avia-builder-el-first '><h2 class='av-special-heading-tag'  itemprop=\"headline\"  >Conhe\u00e7a o SIFAC Web: A Solu\u00e7\u00e3o Online da MSYS para Empresas de Factoring, FIDC, Securitiza\u00e7\u00e3o e ESC<\/h2><div class=\"special-heading-border\"><div class=\"special-heading-inner-border\"><\/div><\/div><\/div><br \/>\n<section  class='av_textblock_section av-mam1vb55-b78a0b3c8878bca6c4a6ea76b72087c9 '   itemscope=\"itemscope\" itemtype=\"https:\/\/schema.org\/CreativeWork\" ><div class='avia_textblock'  itemprop=\"text\" ><p><span style=\"font-weight: 400;\">O <\/span><b>SIFAC Web<\/b><span style=\"font-weight: 400;\"> \u00e9 uma plataforma online da MSYS que oferece \u00e0s empresas de Factoring, FIDC, Securitiza\u00e7\u00e3o e Empresas Simples de Cr\u00e9dito (ESC) a capacidade de fornecer acesso direto a seus clientes e\/ou investidores. Seus clientes podem consultar t\u00edtulos, emitir segunda via de boletos, solicitar prorroga\u00e7\u00f5es e muitos outros servi\u00e7os, garantindo agilidade, redu\u00e7\u00e3o de custos e seguran\u00e7a.<\/span><\/p>\n<p><span style=\"font-weight: 400;\"><strong>\u00c1rea de Cedente<\/strong>\u00a0<\/span><\/p>\n<p>Seus Cedentes podem acessar o SIFAC.Cendente para consultar informa\u00e7\u00f5es e enviar opera\u00e7\u00f5es de forma aut\u00f4noma.<\/p>\n<\/div><\/section><br \/>\n<section  class='av_textblock_section av-mc1vp1wv-0cf434231d516da69ad2c4b6a509ff4a '   itemscope=\"itemscope\" itemtype=\"https:\/\/schema.org\/CreativeWork\" ><div class='avia_textblock'  itemprop=\"text\" ><p><strong>\u00c1rea de investidores<\/strong><\/p>\n<p>Na <strong>\u00e1rea de investidores<\/strong>, \u00e9 poss\u00edvel acompanhar todos os investimentos e rentabilidades, garantindo transpar\u00eancia e controle sobre os aportes.<\/p>\n<p><strong>\u00c1rea de gerente de contas<\/strong><\/p>\n<p>J\u00e1 na <strong>\u00e1rea de gerente de contas<\/strong> , o agente pode efetuar a gest\u00e3o de sua carteira de Cedentes, acompanhando os t\u00edtulos negociados e muito mais.<\/p>\n<p><strong>Painel do Gestor<\/strong><\/p>\n<p>E por fim, o <strong>Painel do Gestor<\/strong> \u00e9 uma ferramenta poderosa e intuitiva, projetada para fornecer \u00e0s empresas uma vis\u00e3o abrangente e detalhada de suas opera\u00e7\u00f5es.<\/p>\n<\/div><\/section><br \/>\n<section  class='av_textblock_section av-mam1x8fs-d3b72136b93726415809e41ef656a39b '   itemscope=\"itemscope\" itemtype=\"https:\/\/schema.org\/CreativeWork\" ><div class='avia_textblock'  itemprop=\"text\" ><p><strong>Cedente | \u00c1rea Investidores | \u00c1rea Gerente de Contas | \u00c1rea Painel do Gestor<\/strong><\/p>\n<\/div><\/section><\/p><\/div><div  class='flex_column av-7z3rc-42c147e772dd9f065c2cdcbd5d64dadc av_one_fifth  avia-builder-el-11  el_after_av_three_fifth  el_before_av_one_full  flex_column_div  '     ><\/div><div  class='flex_column av-q5jyq-843e29ac2ac6aa1c97a1f4c8dbf04d2d av_one_full  avia-builder-el-12  el_after_av_one_fifth  el_before_av_one_fifth  first flex_column_div  column-top-margin'     ><style type=\"text\/css\" data-created_by=\"avia_inline_auto\" id=\"style-css-av-mbuyaduu-408db561aa593faa03ec37559103d792\">\n.avia-icon-grid-container.av-mbuyaduu-408db561aa593faa03ec37559103d792 .avia-icongrid{\njustify-content:space-between;\nrow-gap:20px;\n}\n.avia-icon-grid-container.av-mbuyaduu-408db561aa593faa03ec37559103d792 li.av-icon-cell-item{\nflex-basis:calc(25% - 15px);\n}\n.avia-icon-grid-container.av-mbuyaduu-408db561aa593faa03ec37559103d792 .avia-icongrid-wrapper .avia-icongrid-front{\nbackground-color:#01632a;\nbackground:linear-gradient( to bottom right, #01632a, #0b6c07 );\nborder-radius:25px 25px 25px 25px;\nbox-shadow: 5px 5px 5px 5px #dddddd;\n}\n.avia-icon-grid-container.av-mbuyaduu-408db561aa593faa03ec37559103d792 .avia-icongrid-wrapper .avia-icongrid-front .avia-icongrid-inner{\npadding:25px 25px 25px 25px;\n}\n.avia-icon-grid-container.av-mbuyaduu-408db561aa593faa03ec37559103d792 .avia-icongrid-wrapper .avia-icongrid-icon{\ncolor:#ffffff;\n}\n.avia-icon-grid-container.av-mbuyaduu-408db561aa593faa03ec37559103d792 .avia-icongrid-wrapper .icongrid_title{\ncolor:#ffffff;\n}\n.avia-icon-grid-container.av-mbuyaduu-408db561aa593faa03ec37559103d792 .avia-icongrid-wrapper .icongrid_subtitle{\ncolor:#ffffff;\n}\n.avia-icon-grid-container.av-mbuyaduu-408db561aa593faa03ec37559103d792 .avia-icongrid-wrapper .avia-icongrid-content{\nbackground-color:#ededed;\n}\n.avia-icon-grid-container.av-mbuyaduu-408db561aa593faa03ec37559103d792 .avia-icongrid-wrapper .avia-icongrid-content .avia-icongrid-inner{\npadding:25px 25px 25px 25px;\n}\n.avia-icon-grid-container.av-mbuyaduu-408db561aa593faa03ec37559103d792 .avia-icongrid-wrapper .avia-icongrid-content .avia-icongrid-text{\ncolor:#2b2b2b;\n}\n.avia-icon-grid-container.av-mbuyaduu-408db561aa593faa03ec37559103d792 .avia-icongrid-wrapper .avia-icongrid-flipback{\nbackground-color:#ededed;\nborder-radius:25px 25px 25px 25px;\n}\n.avia-icon-grid-container.av-mbuyaduu-408db561aa593faa03ec37559103d792 .avia-icongrid-wrapper .avia-icongrid-flipback .avia-icongrid-inner{\npadding:25px 25px 25px 25px;\n}\n.avia-icon-grid-container.av-mbuyaduu-408db561aa593faa03ec37559103d792 .avia-icongrid-wrapper .avia-icongrid-flipback .avia-icongrid-text{\ncolor:#2b2b2b;\n}\n.avia-icon-grid-container.av-mbuyaduu-408db561aa593faa03ec37559103d792 .avia-icongrid-wrapper .avia-icongrid-front.bg-img:before{\nborder-radius:25px 25px 25px 25px;\n}\n.avia-icon-grid-container.av-mbuyaduu-408db561aa593faa03ec37559103d792 .avia-icongrid-wrapper .avia-icongrid-flipback.bg-img:before{\nborder-radius:25px 25px 25px 25px;\n}\n\n@media only screen and (min-width: 768px) and (max-width: 989px){ \n#top .avia-icon-grid-container.av-mbuyaduu-408db561aa593faa03ec37559103d792 .avia-icongrid.av-flex-cells.av-can-break-50.av-50-break-989 li{\nflex:0 1 calc(50% - 10px);\n}\n}\n\n@media only screen and (max-width: 767px){ \n#top .avia-icon-grid-container.av-mbuyaduu-408db561aa593faa03ec37559103d792 .avia-icongrid.av-flex-cells.av-can-break-50.av-50-break-767 li{\nflex:0 1 calc(50% - 10px);\n}\n}\n<\/style>\n\n<style type=\"text\/css\" data-created_by=\"avia_inline_auto\" id=\"style-css-sub-av-mbuyaduu-408db561aa593faa03ec37559103d792\">\n.avia-icon-grid-container .avia-icongrid-wrapper.av-mbuyb9lz-f4293a0966c15cb1f8d7b7bd0d6027e3 .avia-icongrid-front{\nborder-radius:25px 25px 25px 25px;\n}\n.avia-icon-grid-container .avia-icongrid-wrapper.av-mbuyb9lz-f4293a0966c15cb1f8d7b7bd0d6027e3 .avia-icongrid-content{\nborder-radius:25px 25px 25px 25px;\n}\n.avia-icon-grid-container .avia-icongrid-wrapper.av-mbuyb9lz-f4293a0966c15cb1f8d7b7bd0d6027e3 .avia-icongrid-flipback{\nborder-radius:25px 25px 25px 25px;\n}\n.avia-icon-grid-container .avia-icongrid-wrapper.av-mbuyb9lz-f4293a0966c15cb1f8d7b7bd0d6027e3 .avia-icongrid-content .avia-icongrid-text{\ncolor:#2b2b2b;\n}\n.avia-icon-grid-container .avia-icongrid-wrapper.av-mbuyb9lz-f4293a0966c15cb1f8d7b7bd0d6027e3 .avia-icongrid-flipback .avia-icongrid-text{\ncolor:#2b2b2b;\n}\n.avia-icon-grid-container .avia-icongrid-flipbox .avia-icongrid-wrapper.av-mbuyb9lz-f4293a0966c15cb1f8d7b7bd0d6027e3 .avia-icongrid-front.bg-img:before{\nborder-radius:25px 25px 25px 25px;\n}\n.avia-icon-grid-container .avia-icongrid-flipbox .avia-icongrid-wrapper.av-mbuyb9lz-f4293a0966c15cb1f8d7b7bd0d6027e3 .avia-icongrid-flipback.bg-img:before{\nborder-radius:25px 25px 25px 25px;\n}\n<\/style>\n<div  class='avia-icon-grid-container av-mbuyaduu-408db561aa593faa03ec37559103d792  avia-builder-el-13  avia-builder-el-no-sibling ' data-min-height=\"250\"><ul id='avia-icongrid-69fb29b19e184' class='avia-icongrid clearfix avia_animate_when_almost_visible avia-icongrid-flipbox avia-icongrid-numrow-4 avia-cell-space-between av-flex-cells av-break-767 av-can-break-50'>\n<li class='av-icon-cell-item av-row-with-4-cells av-row-nr-1 av-cell-1 av-first-cell-row av-first-cell-item'><div class='avia-icongrid-wrapper av-mc94lp5f-2169c61eb9407ac524bfca163fbbb70b'><article class='article-icon-entry '  itemscope=\"itemscope\" itemtype=\"https:\/\/schema.org\/CreativeWork\" ><div class='avia-icongrid-front '><div class=\"avia-icongrid-inner\"><header class=\"entry-content-header\"><h4 class='av_icongrid_title icongrid_title '  itemprop=\"headline\" >Cedente<\/h4><\/header><\/div><\/div><div class='avia-icongrid-flipback '><div class=\"avia-icongrid-inner\"><div class='avia-icongrid-text'  itemprop=\"text\" ><ul>\n<li aria-level=\"2\">Digita\u00e7\u00e3o de T\u00edtulos<\/li>\n<li aria-level=\"2\">Importa\u00e7\u00e3o de Duplicatas de NFe<\/li>\n<li aria-level=\"2\">Importa\u00e7\u00e3o de T\u00edtulos via Arquivo CNAB<\/li>\n<li aria-level=\"2\">Consulta de T\u00edtulos<\/li>\n<li aria-level=\"2\">Solicita\u00e7\u00f5es de Prorroga\u00e7\u00e3o e Abatimento<\/li>\n<li aria-level=\"2\">Emiss\u00e3o de Segunda Via de Boletos<\/li>\n<li aria-level=\"2\">Documentos da Opera\u00e7\u00e3o<\/li>\n<li aria-level=\"2\">Arquivo retorno<\/li>\n<\/ul>\n<\/div><\/div><\/div><\/article><\/div><\/li>\n<li class='av-icon-cell-item av-row-with-4-cells av-row-nr-1 av-cell-2 av-first-cell-row av-inner-cell-item'><div class='avia-icongrid-wrapper av-mbuyb9lz-f4293a0966c15cb1f8d7b7bd0d6027e3'><article class='article-icon-entry '  itemscope=\"itemscope\" itemtype=\"https:\/\/schema.org\/CreativeWork\" ><div class='avia-icongrid-front '><div class=\"avia-icongrid-inner\"><header class=\"entry-content-header\"><h4 class='av_icongrid_title icongrid_title '  itemprop=\"headline\" >Investidores<\/h4><\/header><\/div><\/div><div class='avia-icongrid-flipback '><div class=\"avia-icongrid-inner\"><div class='avia-icongrid-text'  itemprop=\"text\" ><ul>\n<li>Deb\u00eantures<\/li>\n<li>CRA<\/li>\n<li>Investimentos<\/li>\n<li>Resgates<\/li>\n<li>Corre\u00e7\u00f5es<\/li>\n<\/ul>\n<\/div><\/div><\/div><\/article><\/div><\/li>\n<li class='av-icon-cell-item av-row-with-4-cells av-row-nr-1 av-cell-3 av-first-cell-row av-inner-cell-item'><div class='avia-icongrid-wrapper av-mbuybste-5c2e5eb4e43e7482ee3d38100955e106'><article class='article-icon-entry '  itemscope=\"itemscope\" itemtype=\"https:\/\/schema.org\/CreativeWork\" ><div class='avia-icongrid-front '><div class=\"avia-icongrid-inner\"><header class=\"entry-content-header\"><h4 class='av_icongrid_title icongrid_title '  itemprop=\"headline\" >Gerente de Contas<\/h4><h6 class='av_icongrid_subtitle icongrid_subtitle' ><p>Consulta de T\u00edtulos<\/p>\n<\/h6><\/header><\/div><\/div><div class='avia-icongrid-flipback '><div class=\"avia-icongrid-inner\"><div class='avia-icongrid-text'  itemprop=\"text\" ><ul>\n<li>Liquidados e em Aberto (vencidos e a vencer)<\/li>\n<li>Concentra\u00e7\u00e3o por Cedente<\/li>\n<li>Criar opera\u00e7\u00e3o pelo Cedente<\/li>\n<\/ul>\n<\/div><\/div><\/div><\/article><\/div><\/li>\n<li class='av-icon-cell-item av-row-with-4-cells av-row-nr-1 av-cell-4 av-first-cell-row av-last-cell-item'><div class='avia-icongrid-wrapper av-mbuyc3g4-92c3ee67f97385d60174fe8b1f52a561'><article class='article-icon-entry '  itemscope=\"itemscope\" itemtype=\"https:\/\/schema.org\/CreativeWork\" ><div class='avia-icongrid-front '><div class=\"avia-icongrid-inner\"><header class=\"entry-content-header\"><h4 class='av_icongrid_title icongrid_title '  itemprop=\"headline\" >Painel de Gestor<\/h4><\/header><\/div><\/div><div class='avia-icongrid-flipback '><div class=\"avia-icongrid-inner\"><div class='avia-icongrid-text'  itemprop=\"text\" ><p>O Painel do Gestor oferece dashboards interativos e an\u00e1lise de carteira, que permitem uma an\u00e1lise aprofundada da gest\u00e3o do seu neg\u00f3cio.<\/p>\n<\/div><\/div><\/div><\/article><\/div><\/li>\n<\/ul><\/div><\/div><div  class='flex_column av-34gjte-eb01f30db5554288a2c4f84ff1b2427f av_one_fifth  avia-builder-el-14  el_after_av_one_full  el_before_av_three_fifth  first flex_column_div  column-top-margin'     ><\/div><div  class='flex_column av-2w6y2y-c30b1122596d7a8afd9c76811e0070d4 av_three_fifth  avia-builder-el-15  el_after_av_one_fifth  el_before_av_one_fifth  flex_column_div  column-top-margin'     ><section  class='av_textblock_section av-1l8nru-688652ad23845deee3ae157425b34f3f '   itemscope=\"itemscope\" itemtype=\"https:\/\/schema.org\/CreativeWork\" ><div class='avia_textblock'  itemprop=\"text\" ><p><b>Benef\u00edcios do SIFAC Web:<\/b><\/p>\n<p><strong>Agilidade | Redu\u00e7\u00e3o de Custo | Transpar\u00eancia | Personaliza\u00e7\u00e3o<\/strong><\/p>\n<p><span style=\"font-weight: 400;\">O <\/span><b>SIFAC Web<\/b><span style=\"font-weight: 400;\"> \u00e9 a ferramenta ideal para modernizar a intera\u00e7\u00e3o com seus clientes e investidores e gerente de contas, proporcionando uma experi\u00eancia eficiente e segura. Descubra como nossa plataforma pode transformar a gest\u00e3o de sua empresa de Factoring, FIDC, Securitiza\u00e7\u00e3o ou ESC, oferecendo solu\u00e7\u00f5es \u00e1geis e integradas para todas as necessidades do seu neg\u00f3cio.<\/span><\/p>\n<\/div><\/section><\/div><div  class='flex_column av-bcdiq-3ebbc5a14086c63b8bf3873e84e52da7 av_one_fifth  avia-builder-el-17  el_after_av_three_fifth  avia-builder-el-last  flex_column_div  column-top-margin'     ><\/div><\/div><\/div><\/div><!-- close content main div --><\/div><\/div><div id='after_section_2'  class='main_color av_default_container_wrap container_wrap sidebar_right'  ><div class='container av-section-cont-open' ><div class='template-page content  av-content-small alpha units'><div class='post-entry post-entry-type-page post-entry-170'><div class='entry-content-wrapper clearfix'>\n","protected":false},"excerpt":{"rendered":"","protected":false},"author":1,"featured_media":0,"parent":114,"menu_order":0,"comment_status":"closed","ping_status":"closed","template":"","meta":{"footnotes":""},"class_list":["post-170","page","type-page","status-publish","hentry"],"_links":{"self":[{"href":"https:\/\/msys.com.br\/site\/wp-json\/wp\/v2\/pages\/170","targetHints":{"allow":["GET"]}}],"collection":[{"href":"https:\/\/msys.com.br\/site\/wp-json\/wp\/v2\/pages"}],"about":[{"href":"https:\/\/msys.com.br\/site\/wp-json\/wp\/v2\/types\/page"}],"author":[{"embeddable":true,"href":"https:\/\/msys.com.br\/site\/wp-json\/wp\/v2\/users\/1"}],"replies":[{"embeddable":true,"href":"https:\/\/msys.com.br\/site\/wp-json\/wp\/v2\/comments?post=170"}],"version-history":[{"count":48,"href":"https:\/\/msys.com.br\/site\/wp-json\/wp\/v2\/pages\/170\/revisions"}],"predecessor-version":[{"id":402,"href":"https:\/\/msys.com.br\/site\/wp-json\/wp\/v2\/pages\/170\/revisions\/402"}],"up":[{"embeddable":true,"href":"https:\/\/msys.com.br\/site\/wp-json\/wp\/v2\/pages\/114"}],"wp:attachment":[{"href":"https:\/\/msys.com.br\/site\/wp-json\/wp\/v2\/media?parent=170"}],"curies":[{"name":"wp","href":"https:\/\/api.w.org\/{rel}","templated":true}]}}