{"id":166,"date":"2025-05-13T05:42:19","date_gmt":"2025-05-13T05:42:19","guid":{"rendered":"https:\/\/caketecnologia.com.br\/msys\/?page_id=166"},"modified":"2025-06-17T13:42:50","modified_gmt":"2025-06-17T16:42:50","slug":"empresa-simples-de-credito","status":"publish","type":"page","link":"https:\/\/msys.com.br\/site\/produtos\/empresa-simples-de-credito\/","title":{"rendered":"Empresa Simples De Cr\u00e9dito"},"content":{"rendered":"\n<style type=\"text\/css\" data-created_by=\"avia_inline_auto\" id=\"style-css-av-malv1wtx-62e2972c8254dc14461ae05f2e9ff3d6\">\n.avia-section.av-malv1wtx-62e2972c8254dc14461ae05f2e9ff3d6{\nbackground-repeat:no-repeat;\nbackground-image:url(https:\/\/msys.com.br\/site\/wp-content\/uploads\/2025\/05\/banner-produtos.png);\nbackground-position:0% 0%;\nbackground-attachment:scroll;\n}\n<\/style>\n<div id='av_section_1'  class='avia-section av-malv1wtx-62e2972c8254dc14461ae05f2e9ff3d6 main_color avia-section-default avia-no-border-styling  avia-builder-el-0  el_before_av_section  avia-builder-el-first  banners avia-bg-style-scroll av-minimum-height av-minimum-height-custom av-height-custom  container_wrap sidebar_right'  data-section-bg-repeat='no-repeat' data-av_minimum_height_px='290'><div class='container av-section-cont-open' style='height:290px'><main  role=\"main\" itemprop=\"mainContentOfPage\"  class='template-page content  av-content-small alpha units'><div class='post-entry post-entry-type-page post-entry-166'><div class='entry-content-wrapper clearfix'>\n<div  class='flex_column av-13ftd-66d5bb11c0743b20d717261f794a82fa av_one_full  avia-builder-el-1  avia-builder-el-no-sibling  first flex_column_div  '     ><p>\n<style type=\"text\/css\" data-created_by=\"avia_inline_auto\" id=\"style-css-av-malvfe38-16890316bbd60ec66fdeb2814ce76d8e\">\n#top .hr.hr-invisible.av-malvfe38-16890316bbd60ec66fdeb2814ce76d8e{\nmargin-top:-40px;\nheight:1px;\n}\n<\/style>\n<div  class='hr av-malvfe38-16890316bbd60ec66fdeb2814ce76d8e hr-invisible  avia-builder-el-2  el_before_av_heading  avia-builder-el-first '><span class='hr-inner '><span class=\"hr-inner-style\"><\/span><\/span><\/div><br \/>\n\n<style type=\"text\/css\" data-created_by=\"avia_inline_auto\" id=\"style-css-av-malvf3rr-3ee99561391f66d17a039912c460ddb9\">\n#top .av-special-heading.av-malvf3rr-3ee99561391f66d17a039912c460ddb9{\npadding-bottom:10px;\ncolor:#00632d;\nfont-size:50px;\n}\nbody .av-special-heading.av-malvf3rr-3ee99561391f66d17a039912c460ddb9 .av-special-heading-tag .heading-char{\nfont-size:25px;\n}\n#top #wrap_all .av-special-heading.av-malvf3rr-3ee99561391f66d17a039912c460ddb9 .av-special-heading-tag{\nfont-size:50px;\n}\n.av-special-heading.av-malvf3rr-3ee99561391f66d17a039912c460ddb9 .special-heading-inner-border{\nborder-color:#00632d;\n}\n.av-special-heading.av-malvf3rr-3ee99561391f66d17a039912c460ddb9 .av-subheading{\nfont-size:15px;\n}\n\n@media only screen and (min-width: 480px) and (max-width: 767px){ \n#top #wrap_all .av-special-heading.av-malvf3rr-3ee99561391f66d17a039912c460ddb9 .av-special-heading-tag{\nfont-size:0.8em;\n}\n}\n\n@media only screen and (max-width: 479px){ \n#top #wrap_all .av-special-heading.av-malvf3rr-3ee99561391f66d17a039912c460ddb9 .av-special-heading-tag{\nfont-size:0.8em;\n}\n}\n<\/style>\n<div  class='av-special-heading av-malvf3rr-3ee99561391f66d17a039912c460ddb9 av-special-heading-h1 custom-color-heading blockquote modern-quote modern-right  avia-builder-el-3  el_after_av_hr  avia-builder-el-last  av-inherit-size'><h1 class='av-special-heading-tag'  itemprop=\"headline\"  >Empresa Simples de Cr\u00e9dito<\/h1><div class=\"special-heading-border\"><div class=\"special-heading-inner-border\"><\/div><\/div><\/div><\/p><\/div>\n\n<\/div><\/div><\/main><!-- close content main element --><\/div><\/div>\n<style type=\"text\/css\" data-created_by=\"avia_inline_auto\" id=\"style-css-av-24w1h-618a2f7f65b545bb364f3201fd0adf36\">\n.avia-section.av-24w1h-618a2f7f65b545bb364f3201fd0adf36{\nbackground-repeat:repeat;\nbackground-image:url(https:\/\/msys.com.br\/site\/wp-content\/uploads\/2025\/06\/Design-sem-nome-scaled.png);\nbackground-position:0% 0%;\nbackground-attachment:scroll;\n}\n<\/style>\n<div id='av_section_2'  class='avia-section av-24w1h-618a2f7f65b545bb364f3201fd0adf36 main_color avia-section-default avia-no-border-styling  avia-builder-el-4  el_after_av_section  avia-builder-el-last  avia-bg-style-scroll container_wrap sidebar_right'  data-section-bg-repeat='repeat'><div class='container av-section-cont-open' ><div class='template-page content  av-content-small alpha units'><div class='post-entry post-entry-type-page post-entry-166'><div class='entry-content-wrapper clearfix'>\n<div  class='flex_column av-hbni0-7d005de7ec529e9702f7f392877d96a3 av_one_fifth  avia-builder-el-5  el_before_av_three_fifth  avia-builder-el-first  first flex_column_div  '     ><\/div><div  class='flex_column av-n51b4-59d5362a8bdf25d18ae68b5694622ef7 av_three_fifth  avia-builder-el-6  el_after_av_one_fifth  el_before_av_one_fifth  flex_column_div  '     ><p>\n<style type=\"text\/css\" data-created_by=\"avia_inline_auto\" id=\"style-css-av-mam1vs6c-74da576995165511096f407f7925f778\">\n#top .av-special-heading.av-mam1vs6c-74da576995165511096f407f7925f778{\npadding-bottom:10px;\n}\nbody .av-special-heading.av-mam1vs6c-74da576995165511096f407f7925f778 .av-special-heading-tag .heading-char{\nfont-size:25px;\n}\n.av-special-heading.av-mam1vs6c-74da576995165511096f407f7925f778 .av-subheading{\nfont-size:15px;\n}\n<\/style>\n<div  class='av-special-heading av-mam1vs6c-74da576995165511096f407f7925f778 av-special-heading-h2 blockquote modern-quote  avia-builder-el-7  el_before_av_textblock  avia-builder-el-first '><h2 class='av-special-heading-tag'  itemprop=\"headline\"  >Conhe\u00e7a o SIFAC ESC: O Sistema Completo da MSYS para Gest\u00e3o de Empresas Simples de Cr\u00e9dito<\/h2><div class=\"special-heading-border\"><div class=\"special-heading-inner-border\"><\/div><\/div><\/div><br \/>\n<section  class='av_textblock_section av-mam1vb55-b78a0b3c8878bca6c4a6ea76b72087c9 '   itemscope=\"itemscope\" itemtype=\"https:\/\/schema.org\/CreativeWork\" ><div class='avia_textblock'  itemprop=\"text\" ><p><span style=\"font-weight: 400;\">O <\/span><b>SIFAC ESC<\/b><span style=\"font-weight: 400;\"> \u00e9 um software de gest\u00e3o completo da <\/span><b>MSYS<\/b><span style=\"font-weight: 400;\"> desenvolvido para atender \u00e0s necessidades espec\u00edficas das Empresas Simples de Cr\u00e9dito (ESC). Este sistema oferece um conjunto completo de funcionalidades para otimizar opera\u00e7\u00f5es, finan\u00e7as, cobran\u00e7as, contabilidade, gest\u00e3o de documentos e gest\u00e3o de riscos, garantindo efici\u00eancia e seguran\u00e7a na gest\u00e3o de cr\u00e9dito.<\/span><\/p>\n<p>Principais Funcionalidades:<\/p>\n<\/div><\/section><\/p><\/div><div  class='flex_column av-7z3rc-42c147e772dd9f065c2cdcbd5d64dadc av_one_fifth  avia-builder-el-9  el_after_av_three_fifth  el_before_av_one_full  flex_column_div  '     ><\/div><div  class='flex_column av-8upuk-60496c3aab0b939e82c1be67922e9716 av_one_full  avia-builder-el-10  el_after_av_one_fifth  el_before_av_one_fifth  first flex_column_div  column-top-margin'     ><style type=\"text\/css\" data-created_by=\"avia_inline_auto\" id=\"style-css-av-mam0ddtf-b329cac8e5de43553de9a43831006139\">\n.avia-icon-grid-container.av-mam0ddtf-b329cac8e5de43553de9a43831006139 .avia-icongrid{\njustify-content:space-between;\nrow-gap:20px;\n}\n.avia-icon-grid-container.av-mam0ddtf-b329cac8e5de43553de9a43831006139 li.av-icon-cell-item{\nflex-basis:calc(25% - 15px);\n}\n.avia-icon-grid-container.av-mam0ddtf-b329cac8e5de43553de9a43831006139 .avia-icongrid-wrapper .avia-icongrid-front{\nbackground-color:#01632a;\nbackground:linear-gradient( to bottom right, #01632a, #0b6c07 );\nborder-radius:25px 25px 25px 25px;\nbox-shadow: 5px 5px 5px 5px #dddddd;\n}\n.avia-icon-grid-container.av-mam0ddtf-b329cac8e5de43553de9a43831006139 .avia-icongrid-wrapper .avia-icongrid-front .avia-icongrid-inner{\npadding:25px 25px 25px 25px;\n}\n.avia-icon-grid-container.av-mam0ddtf-b329cac8e5de43553de9a43831006139 .avia-icongrid-wrapper .avia-icongrid-icon{\ncolor:#ffffff;\n}\n.avia-icon-grid-container.av-mam0ddtf-b329cac8e5de43553de9a43831006139 .avia-icongrid-wrapper .icongrid_title{\ncolor:#ffffff;\n}\n.avia-icon-grid-container.av-mam0ddtf-b329cac8e5de43553de9a43831006139 .avia-icongrid-wrapper .icongrid_subtitle{\ncolor:#ffffff;\n}\n.avia-icon-grid-container.av-mam0ddtf-b329cac8e5de43553de9a43831006139 .avia-icongrid-wrapper .avia-icongrid-content{\nbackground-color:#ededed;\n}\n.avia-icon-grid-container.av-mam0ddtf-b329cac8e5de43553de9a43831006139 .avia-icongrid-wrapper .avia-icongrid-content .avia-icongrid-inner{\npadding:25px 25px 25px 25px;\n}\n.avia-icon-grid-container.av-mam0ddtf-b329cac8e5de43553de9a43831006139 .avia-icongrid-wrapper .avia-icongrid-content .avia-icongrid-text{\ncolor:#2b2b2b;\n}\n.avia-icon-grid-container.av-mam0ddtf-b329cac8e5de43553de9a43831006139 .avia-icongrid-wrapper .avia-icongrid-flipback{\nbackground-color:#ededed;\nborder-radius:25px 25px 25px 25px;\n}\n.avia-icon-grid-container.av-mam0ddtf-b329cac8e5de43553de9a43831006139 .avia-icongrid-wrapper .avia-icongrid-flipback .avia-icongrid-inner{\npadding:25px 25px 25px 25px;\n}\n.avia-icon-grid-container.av-mam0ddtf-b329cac8e5de43553de9a43831006139 .avia-icongrid-wrapper .avia-icongrid-flipback .avia-icongrid-text{\ncolor:#2b2b2b;\n}\n.avia-icon-grid-container.av-mam0ddtf-b329cac8e5de43553de9a43831006139 .avia-icongrid-wrapper .avia-icongrid-front.bg-img:before{\nborder-radius:25px 25px 25px 25px;\n}\n.avia-icon-grid-container.av-mam0ddtf-b329cac8e5de43553de9a43831006139 .avia-icongrid-wrapper .avia-icongrid-flipback.bg-img:before{\nborder-radius:25px 25px 25px 25px;\n}\n\n@media only screen and (min-width: 768px) and (max-width: 989px){ \n#top .avia-icon-grid-container.av-mam0ddtf-b329cac8e5de43553de9a43831006139 .avia-icongrid.av-flex-cells.av-can-break-50.av-50-break-989 li{\nflex:0 1 calc(50% - 10px);\n}\n}\n\n@media only screen and (max-width: 767px){ \n#top .avia-icon-grid-container.av-mam0ddtf-b329cac8e5de43553de9a43831006139 .avia-icongrid.av-flex-cells.av-can-break-50.av-50-break-767 li{\nflex:0 1 calc(50% - 10px);\n}\n}\n<\/style>\n\n<style type=\"text\/css\" data-created_by=\"avia_inline_auto\" id=\"style-css-sub-av-mam0ddtf-b329cac8e5de43553de9a43831006139\">\n.avia-icon-grid-container .avia-icongrid-wrapper.av-mam0a58w-019c00b27eeefb5b3485be1b97a763e9 .avia-icongrid-front{\nborder-radius:25px 25px 25px 25px;\n}\n.avia-icon-grid-container .avia-icongrid-wrapper.av-mam0a58w-019c00b27eeefb5b3485be1b97a763e9 .avia-icongrid-content{\nborder-radius:25px 25px 25px 25px;\n}\n.avia-icon-grid-container .avia-icongrid-wrapper.av-mam0a58w-019c00b27eeefb5b3485be1b97a763e9 .avia-icongrid-flipback{\nborder-radius:25px 25px 25px 25px;\n}\n.avia-icon-grid-container .avia-icongrid-wrapper.av-mam0a58w-019c00b27eeefb5b3485be1b97a763e9 .avia-icongrid-content .avia-icongrid-text{\ncolor:#2b2b2b;\n}\n.avia-icon-grid-container .avia-icongrid-wrapper.av-mam0a58w-019c00b27eeefb5b3485be1b97a763e9 .avia-icongrid-flipback .avia-icongrid-text{\ncolor:#2b2b2b;\n}\n.avia-icon-grid-container .avia-icongrid-flipbox .avia-icongrid-wrapper.av-mam0a58w-019c00b27eeefb5b3485be1b97a763e9 .avia-icongrid-front.bg-img:before{\nborder-radius:25px 25px 25px 25px;\n}\n.avia-icon-grid-container .avia-icongrid-flipbox .avia-icongrid-wrapper.av-mam0a58w-019c00b27eeefb5b3485be1b97a763e9 .avia-icongrid-flipback.bg-img:before{\nborder-radius:25px 25px 25px 25px;\n}\n<\/style>\n<div  class='avia-icon-grid-container av-mam0ddtf-b329cac8e5de43553de9a43831006139  avia-builder-el-11  avia-builder-el-no-sibling ' data-min-height=\"250\"><ul id='avia-icongrid-69fb358d68323' class='avia-icongrid clearfix avia_animate_when_almost_visible avia-icongrid-flipbox avia-icongrid-numrow-4 avia-cell-space-between av-flex-cells av-break-767 av-can-break-50'>\n<li class='av-icon-cell-item av-row-with-4-cells av-row-nr-1 av-cell-1 av-first-cell-row av-first-cell-item'><div class='avia-icongrid-wrapper av-mam0a58w-019c00b27eeefb5b3485be1b97a763e9'><article class='article-icon-entry '  itemscope=\"itemscope\" itemtype=\"https:\/\/schema.org\/CreativeWork\" ><div class='avia-icongrid-front '><div class=\"avia-icongrid-inner\"><header class=\"entry-content-header\"><h4 class='av_icongrid_title icongrid_title '  itemprop=\"headline\" >Opera\u00e7\u00f5es<\/h4><\/header><\/div><\/div><div class='avia-icongrid-flipback '><div class=\"avia-icongrid-inner\"><div class='avia-icongrid-text'  itemprop=\"text\" ><ul>\n<li style=\"font-weight: 400;\" aria-level=\"2\"><span style=\"font-weight: 400;\">Antecipa\u00e7\u00e3o (desconto) de t\u00edtulos receb\u00edveis<\/span><\/li>\n<li style=\"font-weight: 400;\" aria-level=\"2\"><span style=\"font-weight: 400;\">Empr\u00e9stimos<\/span><\/li>\n<li style=\"font-weight: 400;\" aria-level=\"2\"><span style=\"font-weight: 400;\">Financiamentos<\/span><\/li>\n<li style=\"font-weight: 400;\" aria-level=\"2\"><span style=\"font-weight: 400;\">Cart\u00e3o de Cr\u00e9dito<\/span><\/li>\n<\/ul>\n<\/div><\/div><\/div><\/article><\/div><\/li>\n<li class='av-icon-cell-item av-row-with-4-cells av-row-nr-1 av-cell-2 av-first-cell-row av-inner-cell-item'><div class='avia-icongrid-wrapper av-lszci-a6346ed962e44cabc2e3a34b4e440e2b'><article class='article-icon-entry '  itemscope=\"itemscope\" itemtype=\"https:\/\/schema.org\/CreativeWork\" ><div class='avia-icongrid-front '><div class=\"avia-icongrid-inner\"><header class=\"entry-content-header\"><h4 class='av_icongrid_title icongrid_title '  itemprop=\"headline\" >Recompras<\/h4><\/header><\/div><\/div><div class='avia-icongrid-flipback '><div class=\"avia-icongrid-inner\"><div class='avia-icongrid-text'  itemprop=\"text\" ><ul>\n<li style=\"text-align: left;\"><span style=\"font-weight: 400;\">Recompras de t\u00edtulos<\/span><\/li>\n<\/ul>\n<\/div><\/div><\/div><\/article><\/div><\/li>\n<li class='av-icon-cell-item av-row-with-4-cells av-row-nr-1 av-cell-3 av-first-cell-row av-inner-cell-item'><div class='avia-icongrid-wrapper av-dt2dm-406c466143e56a5d11f2044e63478e2e'><article class='article-icon-entry '  itemscope=\"itemscope\" itemtype=\"https:\/\/schema.org\/CreativeWork\" ><div class='avia-icongrid-front '><div class=\"avia-icongrid-inner\"><header class=\"entry-content-header\"><h4 class='av_icongrid_title icongrid_title '  itemprop=\"headline\" >Financeiro<\/h4><\/header><\/div><\/div><div class='avia-icongrid-flipback '><div class=\"avia-icongrid-inner\"><div class='avia-icongrid-text'  itemprop=\"text\" ><ul>\n<li style=\"font-weight: 400;\" aria-level=\"2\"><span style=\"font-weight: 400;\">Contas a pagar\/receber<\/span><\/li>\n<li style=\"font-weight: 400;\" aria-level=\"2\"><span style=\"font-weight: 400;\">Fluxo de caixa<\/span><\/li>\n<li style=\"font-weight: 400;\" aria-level=\"2\"><span style=\"font-weight: 400;\">Controle banc\u00e1rio<\/span><\/li>\n<li style=\"font-weight: 400;\" aria-level=\"2\"><span style=\"font-weight: 400;\">Concilia\u00e7\u00e3o banc\u00e1ria<\/span><\/li>\n<li style=\"font-weight: 400;\" aria-level=\"2\"><span style=\"font-weight: 400;\">Altera\u00e7\u00e3o de vencimento<\/span><\/li>\n<li style=\"font-weight: 400;\" aria-level=\"2\"><span style=\"font-weight: 400;\">Abatimento<\/span><\/li>\n<li style=\"font-weight: 400;\" aria-level=\"2\"><span style=\"font-weight: 400;\">Renegocia\u00e7\u00e3o de T\u00edtulos<\/span><\/li>\n<\/ul>\n<\/div><\/div><\/div><\/article><\/div><\/li>\n<li class='av-icon-cell-item av-row-with-4-cells av-row-nr-1 av-cell-4 av-first-cell-row av-last-cell-item'><div class='avia-icongrid-wrapper av-dt2dm-4-e5f90a2f9a180b7a646188ba4a413387'><article class='article-icon-entry '  itemscope=\"itemscope\" itemtype=\"https:\/\/schema.org\/CreativeWork\" ><div class='avia-icongrid-front '><div class=\"avia-icongrid-inner\"><header class=\"entry-content-header\"><h4 class='av_icongrid_title icongrid_title '  itemprop=\"headline\" >Cobran\u00e7a<\/h4><\/header><\/div><\/div><div class='avia-icongrid-flipback '><div class=\"avia-icongrid-inner\"><div class='avia-icongrid-text'  itemprop=\"text\" ><ul>\n<li style=\"font-weight: 400;\" aria-level=\"2\"><span style=\"font-weight: 400;\">Integra\u00e7\u00e3o banc\u00e1ria via arquivo CNAB e API<\/span><\/li>\n<li style=\"font-weight: 400;\" aria-level=\"2\"><span style=\"font-weight: 400;\">Segunda via de boletos<\/span><\/li>\n<\/ul>\n<\/div><\/div><\/div><\/article><\/div><\/li>\n<li class='av-icon-cell-item av-row-with-4-cells av-row-nr-2 av-cell-1 av-next-cell-row av-first-cell-item'><div class='avia-icongrid-wrapper av-dt2dm-4-1-b4e21b22bc9c5a1870f3e2ce94c0ce1f'><article class='article-icon-entry '  itemscope=\"itemscope\" itemtype=\"https:\/\/schema.org\/CreativeWork\" ><div class='avia-icongrid-front '><div class=\"avia-icongrid-inner\"><header class=\"entry-content-header\"><h4 class='av_icongrid_title icongrid_title '  itemprop=\"headline\" >Contabilidade<\/h4><\/header><\/div><\/div><div class='avia-icongrid-flipback '><div class=\"avia-icongrid-inner\"><div class='avia-icongrid-text'  itemprop=\"text\" ><ul>\n<li style=\"font-weight: 400;\" aria-level=\"2\"><span style=\"font-weight: 400;\">Exporta\u00e7\u00e3o cont\u00e1bil<\/span><\/li>\n<li style=\"font-weight: 400;\" aria-level=\"2\"><span style=\"font-weight: 400;\">Demonstrativo de Receitas e Despesas<\/span><\/li>\n<\/ul>\n<\/div><\/div><\/div><\/article><\/div><\/li>\n<li class='av-icon-cell-item av-row-with-4-cells av-row-nr-2 av-cell-2 av-next-cell-row av-inner-cell-item'><div class='avia-icongrid-wrapper av-dt2dm-4-1-3-bc3d9e694f85647cf9d99d50fa26f216'><article class='article-icon-entry '  itemscope=\"itemscope\" itemtype=\"https:\/\/schema.org\/CreativeWork\" ><div class='avia-icongrid-front '><div class=\"avia-icongrid-inner\"><header class=\"entry-content-header\"><h4 class='av_icongrid_title icongrid_title '  itemprop=\"headline\" >Gest\u00e3o de Documentos<\/h4><\/header><\/div><\/div><div class='avia-icongrid-flipback '><div class=\"avia-icongrid-inner\"><div class='avia-icongrid-text'  itemprop=\"text\" ><ul>\n<li style=\"font-weight: 400;\" aria-level=\"2\"><span style=\"font-weight: 400;\">Gera\u00e7\u00e3o de contratos, termos aditivos<\/span><\/li>\n<li style=\"font-weight: 400;\" aria-level=\"2\"><span style=\"font-weight: 400;\">Comunica\u00e7\u00e3o com cedentes e sacados<\/span><\/li>\n<li style=\"font-weight: 400;\" aria-level=\"2\"><span style=\"font-weight: 400;\">Registro de t\u00edtulos<\/span><\/li>\n<li style=\"font-weight: 400;\" aria-level=\"2\"><span style=\"font-weight: 400;\">Documentos personalizados<\/span><\/li>\n<\/ul>\n<\/div><\/div><\/div><\/article><\/div><\/li>\n<li class='av-icon-cell-item av-row-with-4-cells av-row-nr-2 av-cell-3 av-next-cell-row av-inner-cell-item'><div class='avia-icongrid-wrapper av-dt2dm-4-1-2-7520ea8625c45eccbac31347241eedff'><article class='article-icon-entry '  itemscope=\"itemscope\" itemtype=\"https:\/\/schema.org\/CreativeWork\" ><div class='avia-icongrid-front '><div class=\"avia-icongrid-inner\"><header class=\"entry-content-header\"><h4 class='av_icongrid_title icongrid_title '  itemprop=\"headline\" >Gest\u00e3o de Riscos<\/h4><\/header><\/div><\/div><div class='avia-icongrid-flipback '><div class=\"avia-icongrid-inner\"><div class='avia-icongrid-text'  itemprop=\"text\" ><ul>\n<li style=\"font-weight: 400;\" aria-level=\"2\"><span style=\"font-weight: 400;\">An\u00e1lise de cedentes e\/ou sacados<\/span><\/li>\n<li style=\"font-weight: 400;\" aria-level=\"2\"><span style=\"font-weight: 400;\">Bureaus de cr\u00e9dito<\/span><\/li>\n<li style=\"font-weight: 400;\" aria-level=\"2\"><span style=\"font-weight: 400;\">Verifica\u00e7\u00e3o pra\u00e7a de pagamento<\/span><\/li>\n<\/ul>\n<\/div><\/div><\/div><\/article><\/div><\/li>\n<li class='av-icon-cell-item av-row-with-4-cells av-row-nr-2 av-cell-4 av-next-cell-row av-last-cell-item'><div class='avia-icongrid-wrapper av-dt2dm-4-1-1-8a58a0fd55d2d9ec4eae6c4aa161bac1'><article class='article-icon-entry '  itemscope=\"itemscope\" itemtype=\"https:\/\/schema.org\/CreativeWork\" ><div class='avia-icongrid-front '><div class=\"avia-icongrid-inner\"><header class=\"entry-content-header\"><h4 class='av_icongrid_title icongrid_title '  itemprop=\"headline\" >Registro de contratos<\/h4><\/header><\/div><\/div><div class='avia-icongrid-flipback '><div class=\"avia-icongrid-inner\"><div class='avia-icongrid-text'  itemprop=\"text\" ><ul>\n<li style=\"font-weight: 400;\" aria-level=\"2\"><span style=\"font-weight: 400;\">Integra\u00e7\u00e3o com as principais registradoras<\/span><\/li>\n<\/ul>\n<\/div><\/div><\/div><\/article><\/div><\/li>\n<\/ul><\/div><\/div><div  class='flex_column av-eeud3-957a0718a11379f881d8d9633f0a4a9c av_one_fifth  avia-builder-el-12  el_after_av_one_full  el_before_av_three_fifth  first flex_column_div  column-top-margin'     ><\/div><div  class='flex_column av-ev400-36b6f6abcca68e948ea0ad4679482344 av_three_fifth  avia-builder-el-13  el_after_av_one_fifth  el_before_av_one_fifth  flex_column_div  column-top-margin'     ><section  class='av_textblock_section av-mam1x8fs-0258ce84a60e00606cb4f0e782412340 '   itemscope=\"itemscope\" itemtype=\"https:\/\/schema.org\/CreativeWork\" ><div class='avia_textblock'  itemprop=\"text\" ><p><span style=\"font-weight: 400;\">O <\/span><b>SIFAC ESC<\/b><span style=\"font-weight: 400;\"> da <\/span><b>MSYS<\/b><span style=\"font-weight: 400;\"> \u00e9 a ferramenta ideal para a gest\u00e3o completa de <\/span><b>Empresas Simples de Cr\u00e9dito<\/b><span style=\"font-weight: 400;\">. Com funcionalidades integradas e automatizadas, sua empresa estar\u00e1 preparada para enfrentar os desafios do mercado com efici\u00eancia, seguran\u00e7a e crescimento sustent\u00e1vel. Descubra como nosso sistema pode transformar sua gest\u00e3o de cr\u00e9dito.<\/span><\/p>\n<\/div><\/section><\/div><div  class='flex_column av-af0w7-c05c7f1ba9262a8071427bd6c85faba2 av_one_fifth  avia-builder-el-15  el_after_av_three_fifth  avia-builder-el-last  flex_column_div  column-top-margin'     ><\/div>\n<\/div><\/div><\/div><!-- close content main div --><\/div><\/div><div id='after_section_2'  class='main_color av_default_container_wrap container_wrap sidebar_right'  ><div class='container av-section-cont-open' ><div class='template-page content  av-content-small alpha units'><div class='post-entry post-entry-type-page post-entry-166'><div class='entry-content-wrapper clearfix'>\n","protected":false},"excerpt":{"rendered":"","protected":false},"author":1,"featured_media":0,"parent":114,"menu_order":0,"comment_status":"closed","ping_status":"closed","template":"","meta":{"footnotes":""},"class_list":["post-166","page","type-page","status-publish","hentry"],"_links":{"self":[{"href":"https:\/\/msys.com.br\/site\/wp-json\/wp\/v2\/pages\/166","targetHints":{"allow":["GET"]}}],"collection":[{"href":"https:\/\/msys.com.br\/site\/wp-json\/wp\/v2\/pages"}],"about":[{"href":"https:\/\/msys.com.br\/site\/wp-json\/wp\/v2\/types\/page"}],"author":[{"embeddable":true,"href":"https:\/\/msys.com.br\/site\/wp-json\/wp\/v2\/users\/1"}],"replies":[{"embeddable":true,"href":"https:\/\/msys.com.br\/site\/wp-json\/wp\/v2\/comments?post=166"}],"version-history":[{"count":4,"href":"https:\/\/msys.com.br\/site\/wp-json\/wp\/v2\/pages\/166\/revisions"}],"predecessor-version":[{"id":336,"href":"https:\/\/msys.com.br\/site\/wp-json\/wp\/v2\/pages\/166\/revisions\/336"}],"up":[{"embeddable":true,"href":"https:\/\/msys.com.br\/site\/wp-json\/wp\/v2\/pages\/114"}],"wp:attachment":[{"href":"https:\/\/msys.com.br\/site\/wp-json\/wp\/v2\/media?parent=166"}],"curies":[{"name":"wp","href":"https:\/\/api.w.org\/{rel}","templated":true}]}}