{"id":130,"date":"2025-05-13T04:49:24","date_gmt":"2025-05-13T04:49:24","guid":{"rendered":"https:\/\/caketecnologia.com.br\/msys\/?page_id=130"},"modified":"2025-06-18T08:17:44","modified_gmt":"2025-06-18T11:17:44","slug":"servicos","status":"publish","type":"page","link":"https:\/\/msys.com.br\/site\/servicos\/","title":{"rendered":"Servi\u00e7os"},"content":{"rendered":"\n<style type=\"text\/css\" data-created_by=\"avia_inline_auto\" id=\"style-css-av-malv1wtx-945de8f45436001fdb25982bad6bfb18\">\n.avia-section.av-malv1wtx-945de8f45436001fdb25982bad6bfb18{\nbackground-repeat:no-repeat;\nbackground-image:url(https:\/\/msys.com.br\/site\/wp-content\/uploads\/2025\/05\/banner-servicos.png);\nbackground-position:0% 0%;\nbackground-attachment:scroll;\n}\n<\/style>\n<div id='av_section_1'  class='avia-section av-malv1wtx-945de8f45436001fdb25982bad6bfb18 main_color avia-section-default avia-no-border-styling  avia-builder-el-0  el_before_av_section  avia-builder-el-first  banners avia-bg-style-scroll av-minimum-height av-minimum-height-custom av-height-custom  container_wrap sidebar_right'  data-section-bg-repeat='no-repeat' data-av_minimum_height_px='290'><div class='container av-section-cont-open' style='height:290px'><main  role=\"main\" itemprop=\"mainContentOfPage\"  class='template-page content  av-content-small alpha units'><div class='post-entry post-entry-type-page post-entry-130'><div class='entry-content-wrapper clearfix'>\n<div  class='flex_column av-13ftd-66d5bb11c0743b20d717261f794a82fa av_one_full  avia-builder-el-1  avia-builder-el-no-sibling  first flex_column_div  '     ><p>\n<style type=\"text\/css\" data-created_by=\"avia_inline_auto\" id=\"style-css-av-malvfe38-5504ff0e3fc27e44281c37cbe0a6ae03\">\n#top .hr.hr-invisible.av-malvfe38-5504ff0e3fc27e44281c37cbe0a6ae03{\nmargin-top:-40px;\nheight:1px;\n}\n<\/style>\n<div  class='hr av-malvfe38-5504ff0e3fc27e44281c37cbe0a6ae03 hr-invisible  avia-builder-el-2  el_before_av_heading  avia-builder-el-first  av-small-hide av-mini-hide'><span class='hr-inner '><span class=\"hr-inner-style\"><\/span><\/span><\/div><br \/>\n\n<style type=\"text\/css\" data-created_by=\"avia_inline_auto\" id=\"style-css-av-malvf3rr-355644128ef40a3ada6097a5a2ab64fb\">\n#top .av-special-heading.av-malvf3rr-355644128ef40a3ada6097a5a2ab64fb{\npadding-bottom:10px;\ncolor:#00632d;\nfont-size:50px;\n}\nbody .av-special-heading.av-malvf3rr-355644128ef40a3ada6097a5a2ab64fb .av-special-heading-tag .heading-char{\nfont-size:25px;\n}\n#top #wrap_all .av-special-heading.av-malvf3rr-355644128ef40a3ada6097a5a2ab64fb .av-special-heading-tag{\nfont-size:50px;\n}\n.av-special-heading.av-malvf3rr-355644128ef40a3ada6097a5a2ab64fb .special-heading-inner-border{\nborder-color:#00632d;\n}\n.av-special-heading.av-malvf3rr-355644128ef40a3ada6097a5a2ab64fb .av-subheading{\nfont-size:15px;\n}\n\n@media only screen and (min-width: 480px) and (max-width: 767px){ \n#top #wrap_all .av-special-heading.av-malvf3rr-355644128ef40a3ada6097a5a2ab64fb .av-special-heading-tag{\nfont-size:0.8em;\n}\n}\n\n@media only screen and (max-width: 479px){ \n#top #wrap_all .av-special-heading.av-malvf3rr-355644128ef40a3ada6097a5a2ab64fb .av-special-heading-tag{\nfont-size:0.8em;\n}\n}\n<\/style>\n<div  class='av-special-heading av-malvf3rr-355644128ef40a3ada6097a5a2ab64fb av-special-heading-h1 custom-color-heading blockquote modern-quote  avia-builder-el-3  el_after_av_hr  avia-builder-el-last  av-small-hide av-mini-hide av-inherit-size'><h1 class='av-special-heading-tag'  itemprop=\"headline\"  >Servi\u00e7os<\/h1><div class=\"special-heading-border\"><div class=\"special-heading-inner-border\"><\/div><\/div><\/div><\/p><\/div>\n\n<\/div><\/div><\/main><!-- close content main element --><\/div><\/div>\n<style type=\"text\/css\" data-created_by=\"avia_inline_auto\" id=\"style-css-av-24w1h-f810785f43281c6ac9204f23b811b639\">\n.avia-section.av-24w1h-f810785f43281c6ac9204f23b811b639{\nbackground-repeat:repeat;\nbackground-image:url(https:\/\/msys.com.br\/site\/wp-content\/uploads\/2025\/06\/Design-sem-nome-scaled.png);\nbackground-position:0% 0%;\nbackground-attachment:scroll;\nmargin-top:0px;\nmargin-bottom:0px;\n}\n\n@media only screen and (max-width: 479px){ \n.avia-section.av-24w1h-f810785f43281c6ac9204f23b811b639{\nmargin-top:-200px;\n}\n}\n<\/style>\n<div id='av_section_2'  class='avia-section av-24w1h-f810785f43281c6ac9204f23b811b639 main_color avia-section-default avia-no-border-styling  avia-builder-el-4  el_after_av_section  el_before_av_section  avia-bg-style-scroll container_wrap sidebar_right'  data-section-bg-repeat='repeat'><div class='container av-section-cont-open' ><div class='template-page content  av-content-small alpha units'><div class='post-entry post-entry-type-page post-entry-130'><div class='entry-content-wrapper clearfix'>\n<div  class='flex_column av-8upuk-60496c3aab0b939e82c1be67922e9716 av_one_full  avia-builder-el-5  avia-builder-el-no-sibling  first flex_column_div  '     ><style type=\"text\/css\" data-created_by=\"avia_inline_auto\" id=\"style-css-av-mam0ddtf-97649d0cab43f8bf3f7fc16ef2fa2bd4\">\n.avia-icon-grid-container.av-mam0ddtf-97649d0cab43f8bf3f7fc16ef2fa2bd4 .avia-icongrid{\njustify-content:space-between;\nrow-gap:20px;\n}\n.avia-icon-grid-container.av-mam0ddtf-97649d0cab43f8bf3f7fc16ef2fa2bd4 li.av-icon-cell-item{\nflex-basis:calc(25% - 15px);\n}\n.avia-icon-grid-container.av-mam0ddtf-97649d0cab43f8bf3f7fc16ef2fa2bd4 .avia-icongrid-wrapper .avia-icongrid-front{\nbackground-color:#01632a;\nbackground:linear-gradient( to bottom right, #01632a, #0b6c07 );\nborder-radius:25px 25px 25px 25px;\nbox-shadow: 5px 5px 5px 5px #dddddd;\n}\n.avia-icon-grid-container.av-mam0ddtf-97649d0cab43f8bf3f7fc16ef2fa2bd4 .avia-icongrid-wrapper .avia-icongrid-front .avia-icongrid-inner{\npadding:25px 25px 25px 25px;\n}\n.avia-icon-grid-container.av-mam0ddtf-97649d0cab43f8bf3f7fc16ef2fa2bd4 .avia-icongrid-wrapper .avia-icongrid-icon{\ncolor:#ffffff;\n}\n.avia-icon-grid-container.av-mam0ddtf-97649d0cab43f8bf3f7fc16ef2fa2bd4 .avia-icongrid-wrapper .icongrid_title{\ncolor:#ffffff;\n}\n.avia-icon-grid-container.av-mam0ddtf-97649d0cab43f8bf3f7fc16ef2fa2bd4 .avia-icongrid-wrapper .icongrid_subtitle{\ncolor:#ffffff;\n}\n.avia-icon-grid-container.av-mam0ddtf-97649d0cab43f8bf3f7fc16ef2fa2bd4 .avia-icongrid-wrapper .avia-icongrid-content{\nbackground-color:#ededed;\n}\n.avia-icon-grid-container.av-mam0ddtf-97649d0cab43f8bf3f7fc16ef2fa2bd4 .avia-icongrid-wrapper .avia-icongrid-content .avia-icongrid-inner{\nfont-size:14px;\npadding:25px 25px 25px 25px;\n}\n.avia-icon-grid-container.av-mam0ddtf-97649d0cab43f8bf3f7fc16ef2fa2bd4 .avia-icongrid-wrapper .avia-icongrid-content .avia-icongrid-text{\ncolor:#2b2b2b;\n}\n.avia-icon-grid-container.av-mam0ddtf-97649d0cab43f8bf3f7fc16ef2fa2bd4 .avia-icongrid-wrapper .avia-icongrid-flipback{\nfont-size:14px;\nbackground-color:#ededed;\nborder-radius:25px 25px 25px 25px;\n}\n.avia-icon-grid-container.av-mam0ddtf-97649d0cab43f8bf3f7fc16ef2fa2bd4 .avia-icongrid-wrapper .avia-icongrid-flipback .avia-icongrid-inner{\npadding:25px 25px 25px 25px;\n}\n.avia-icon-grid-container.av-mam0ddtf-97649d0cab43f8bf3f7fc16ef2fa2bd4 .avia-icongrid-wrapper .avia-icongrid-flipback .avia-icongrid-text{\ncolor:#2b2b2b;\n}\n.avia-icon-grid-container.av-mam0ddtf-97649d0cab43f8bf3f7fc16ef2fa2bd4 .avia-icongrid-wrapper .avia-icongrid-front.bg-img:before{\nborder-radius:25px 25px 25px 25px;\n}\n.avia-icon-grid-container.av-mam0ddtf-97649d0cab43f8bf3f7fc16ef2fa2bd4 .avia-icongrid-wrapper .avia-icongrid-flipback.bg-img:before{\nborder-radius:25px 25px 25px 25px;\n}\n\n@media only screen and (min-width: 768px) and (max-width: 989px){ \n#top .avia-icon-grid-container.av-mam0ddtf-97649d0cab43f8bf3f7fc16ef2fa2bd4 .avia-icongrid.av-flex-cells.av-can-break-50.av-50-break-989 li{\nflex:0 1 calc(50% - 10px);\n}\n}\n\n@media only screen and (max-width: 767px){ \n#top .avia-icon-grid-container.av-mam0ddtf-97649d0cab43f8bf3f7fc16ef2fa2bd4 .avia-icongrid.av-flex-cells.av-can-break-50.av-50-break-767 li{\nflex:0 1 calc(50% - 10px);\n}\n}\n<\/style>\n\n<style type=\"text\/css\" data-created_by=\"avia_inline_auto\" id=\"style-css-sub-av-mam0ddtf-97649d0cab43f8bf3f7fc16ef2fa2bd4\">\n.avia-icon-grid-container .avia-icongrid-wrapper.av-mam0a58w-1d92d0ac1c8401cf17a3a1ffb00b055b .avia-icongrid-front{\nborder-radius:25px 25px 25px 25px;\n}\n.avia-icon-grid-container .avia-icongrid-wrapper.av-mam0a58w-1d92d0ac1c8401cf17a3a1ffb00b055b .avia-icongrid-content{\nborder-radius:25px 25px 25px 25px;\n}\n.avia-icon-grid-container .avia-icongrid-wrapper.av-mam0a58w-1d92d0ac1c8401cf17a3a1ffb00b055b .avia-icongrid-flipback{\nborder-radius:25px 25px 25px 25px;\n}\n.avia-icon-grid-container .avia-icongrid-wrapper.av-mam0a58w-1d92d0ac1c8401cf17a3a1ffb00b055b .avia-icongrid-content .avia-icongrid-text{\ncolor:#2b2b2b;\n}\n.avia-icon-grid-container .avia-icongrid-wrapper.av-mam0a58w-1d92d0ac1c8401cf17a3a1ffb00b055b .avia-icongrid-flipback .avia-icongrid-text{\ncolor:#2b2b2b;\n}\n.avia-icon-grid-container .avia-icongrid-flipbox .avia-icongrid-wrapper.av-mam0a58w-1d92d0ac1c8401cf17a3a1ffb00b055b .avia-icongrid-front.bg-img:before{\nborder-radius:25px 25px 25px 25px;\n}\n.avia-icon-grid-container .avia-icongrid-flipbox .avia-icongrid-wrapper.av-mam0a58w-1d92d0ac1c8401cf17a3a1ffb00b055b .avia-icongrid-flipback.bg-img:before{\nborder-radius:25px 25px 25px 25px;\n}\n<\/style>\n<div  class='avia-icon-grid-container av-mam0ddtf-97649d0cab43f8bf3f7fc16ef2fa2bd4  avia-builder-el-6  avia-builder-el-no-sibling ' data-min-height=\"250\"><ul id='avia-icongrid-69fb29d02d657' class='avia-icongrid clearfix avia_animate_when_almost_visible avia-icongrid-flipbox avia-icongrid-numrow-4 avia-cell-space-between av-flex-cells av-break-767 av-can-break-50'>\n<li class='av-icon-cell-item av-row-with-4-cells av-row-nr-1 av-cell-1 av-first-cell-row av-first-cell-item'><div class='avia-icongrid-wrapper av-mam0a58w-1d92d0ac1c8401cf17a3a1ffb00b055b'><article class='article-icon-entry '  itemscope=\"itemscope\" itemtype=\"https:\/\/schema.org\/CreativeWork\" ><div class='avia-icongrid-front '><div class=\"avia-icongrid-inner\"><div class='avia-icongrid-icon avia-font-entypo-fontello'><span class='icongrid-char' aria-hidden='true' data-av_icon='\ue83c' data-av_iconfont='entypo-fontello'><\/span><\/div><header class=\"entry-content-header\"><h4 class='av_icongrid_title icongrid_title '  itemprop=\"headline\" >Suporte<\/h4><\/header><\/div><\/div><div class='avia-icongrid-flipback '><div class=\"avia-icongrid-inner\"><div class='avia-icongrid-text'  itemprop=\"text\" ><p style=\"text-align: center;\">Suporte MSys: Excel\u00eancia em Atendimento para o Sucesso do Seu Neg\u00f3cio<\/p>\n<div  class='avia-button-wrap av-taefm-310f8089c526242b313cb7399f6b8336-wrap avia-button-center  avia-builder-el-7  el_before_av_button  avia-builder-el-first '>\n<style type=\"text\/css\" data-created_by=\"avia_inline_auto\" id=\"style-css-av-taefm-310f8089c526242b313cb7399f6b8336\">\n#top #wrap_all .avia-button.av-taefm-310f8089c526242b313cb7399f6b8336{\nbackground-color:#ccb47c;\nborder-color:#ccb47c;\ncolor:#ffffff;\nborder-radius:10px 10px 10px 10px;\ntransition:all 0.4s ease-in-out;\n}\n#top #wrap_all.avia-button.av-taefm-310f8089c526242b313cb7399f6b8336:hover .avia_button_background{\nborder-radius:10px 10px 10px 10px;\n}\n<\/style>\n<a href='https:\/\/msys.com.br\/site\/servicos\/suporte\/'  class='avia-button av-taefm-310f8089c526242b313cb7399f6b8336 avia-icon_select-no avia-size-medium avia-position-center'  ><span class='avia_iconbox_title' >Veja mais<\/span><\/a><\/div>\n<\/div><\/div><\/div><\/article><\/div><\/li>\n<li class='av-icon-cell-item av-row-with-4-cells av-row-nr-1 av-cell-2 av-first-cell-row av-inner-cell-item'><div class='avia-icongrid-wrapper av-lszci-08c05bc216c56fd59ca59b5848621738'><article class='article-icon-entry '  itemscope=\"itemscope\" itemtype=\"https:\/\/schema.org\/CreativeWork\" ><div class='avia-icongrid-front '><div class=\"avia-icongrid-inner\"><div class='avia-icongrid-icon avia-font-entypo-fontello'><span class='icongrid-char' aria-hidden='true' data-av_icon='\ue80b' data-av_iconfont='entypo-fontello'><\/span><\/div><header class=\"entry-content-header\"><h4 class='av_icongrid_title icongrid_title '  itemprop=\"headline\" >Treinamento<\/h4><\/header><\/div><\/div><div class='avia-icongrid-flipback '><div class=\"avia-icongrid-inner\"><div class='avia-icongrid-text'  itemprop=\"text\" ><p style=\"text-align: center;\">Treinamento Sob Medida para Suas Necessidades<\/p>\n<div  class='avia-button-wrap av-mcyhu-0e8adf08696ce5c1601d1b54c657dfcf-wrap avia-button-center  avia-builder-el-8  el_after_av_button  el_before_av_button '>\n<style type=\"text\/css\" data-created_by=\"avia_inline_auto\" id=\"style-css-av-mcyhu-0e8adf08696ce5c1601d1b54c657dfcf\">\n#top #wrap_all .avia-button.av-mcyhu-0e8adf08696ce5c1601d1b54c657dfcf{\nbackground-color:#ccb47c;\nborder-color:#ccb47c;\ncolor:#ffffff;\nborder-radius:10px 10px 10px 10px;\ntransition:all 0.4s ease-in-out;\n}\n#top #wrap_all.avia-button.av-mcyhu-0e8adf08696ce5c1601d1b54c657dfcf:hover .avia_button_background{\nborder-radius:10px 10px 10px 10px;\n}\n<\/style>\n<a href='https:\/\/msys.com.br\/site\/servicos\/treinamento\/'  class='avia-button av-mcyhu-0e8adf08696ce5c1601d1b54c657dfcf avia-icon_select-no avia-size-medium avia-position-center'  ><span class='avia_iconbox_title' >Veja mais<\/span><\/a><\/div>\n<\/div><\/div><\/div><\/article><\/div><\/li>\n<li class='av-icon-cell-item av-row-with-4-cells av-row-nr-1 av-cell-3 av-first-cell-row av-inner-cell-item'><div class='avia-icongrid-wrapper av-dt2dm-183c96fea4794e07f14f85016c21b280'><article class='article-icon-entry '  itemscope=\"itemscope\" itemtype=\"https:\/\/schema.org\/CreativeWork\" ><div class='avia-icongrid-front '><div class=\"avia-icongrid-inner\"><div class='avia-icongrid-icon avia-font-entypo-fontello'><span class='icongrid-char' aria-hidden='true' data-av_icon='\ue82f' data-av_iconfont='entypo-fontello'><\/span><\/div><header class=\"entry-content-header\"><h4 class='av_icongrid_title icongrid_title '  itemprop=\"headline\" >API<\/h4><\/header><\/div><\/div><div class='avia-icongrid-flipback '><div class=\"avia-icongrid-inner\"><div class='avia-icongrid-text'  itemprop=\"text\" ><p style=\"text-align: center;\">Servi\u00e7o de APIs Personalizadas MSys<\/p>\n<div  class='avia-button-wrap av-1dwea-d755fdad607a4e05ca7ffb9425bcdd35-wrap avia-button-center  avia-builder-el-9  el_after_av_button  el_before_av_button '>\n<style type=\"text\/css\" data-created_by=\"avia_inline_auto\" id=\"style-css-av-1dwea-d755fdad607a4e05ca7ffb9425bcdd35\">\n#top #wrap_all .avia-button.av-1dwea-d755fdad607a4e05ca7ffb9425bcdd35{\nbackground-color:#ccb47c;\nborder-color:#ccb47c;\ncolor:#ffffff;\nborder-radius:10px 10px 10px 10px;\ntransition:all 0.4s ease-in-out;\n}\n#top #wrap_all.avia-button.av-1dwea-d755fdad607a4e05ca7ffb9425bcdd35:hover .avia_button_background{\nborder-radius:10px 10px 10px 10px;\n}\n<\/style>\n<a href='https:\/\/msys.com.br\/site\/servicos\/api\/'  class='avia-button av-1dwea-d755fdad607a4e05ca7ffb9425bcdd35 avia-icon_select-no avia-size-medium avia-position-center'  ><span class='avia_iconbox_title' >Veja mais<\/span><\/a><\/div>\n<\/div><\/div><\/div><\/article><\/div><\/li>\n<li class='av-icon-cell-item av-row-with-4-cells av-row-nr-1 av-cell-4 av-first-cell-row av-last-cell-item'><div class='avia-icongrid-wrapper av-dt2dm-1-95de3133f4b7c5c99bca07a06895b279'><article class='article-icon-entry '  itemscope=\"itemscope\" itemtype=\"https:\/\/schema.org\/CreativeWork\" ><div class='avia-icongrid-front '><div class=\"avia-icongrid-inner\"><div class='avia-icongrid-icon avia-font-entypo-fontello'><span class='icongrid-char' aria-hidden='true' data-av_icon='\ue8d9' data-av_iconfont='entypo-fontello'><\/span><\/div><header class=\"entry-content-header\"><h4 class='av_icongrid_title icongrid_title '  itemprop=\"headline\" >Integra\u00e7\u00f5es<\/h4><\/header><\/div><\/div><div class='avia-icongrid-flipback '><div class=\"avia-icongrid-inner\"><div class='avia-icongrid-text'  itemprop=\"text\" ><p style=\"text-align: center;\">Integra\u00e7\u00f5es MSys: Potencializando Seu Neg\u00f3cio<\/p>\n<div  class='avia-button-wrap av-77rya-7e9fd911545f0e193d1241d3e71de1c3-wrap avia-button-center  avia-builder-el-10  el_after_av_button  avia-builder-el-last '>\n<style type=\"text\/css\" data-created_by=\"avia_inline_auto\" id=\"style-css-av-77rya-7e9fd911545f0e193d1241d3e71de1c3\">\n#top #wrap_all .avia-button.av-77rya-7e9fd911545f0e193d1241d3e71de1c3{\nbackground-color:#ccb47c;\nborder-color:#ccb47c;\ncolor:#ffffff;\nborder-radius:10px 10px 10px 10px;\ntransition:all 0.4s ease-in-out;\n}\n#top #wrap_all.avia-button.av-77rya-7e9fd911545f0e193d1241d3e71de1c3:hover .avia_button_background{\nborder-radius:10px 10px 10px 10px;\n}\n<\/style>\n<a href='https:\/\/msys.com.br\/site\/servicos\/integracoes\/'  class='avia-button av-77rya-7e9fd911545f0e193d1241d3e71de1c3 avia-icon_select-no avia-size-medium avia-position-center'  ><span class='avia_iconbox_title' >Veja mais<\/span><\/a><\/div>\n<\/div><\/div><\/div><\/article><\/div><\/li>\n<\/ul><\/div><\/div><\/div><\/div><\/div><!-- close content main div --><\/div><\/div><div id='av_section_3'  class='avia-section av-h8ngq-23217efdf96a21b6c943687cee402191 main_color avia-section-default avia-no-border-styling  avia-builder-el-11  el_after_av_section  avia-builder-el-last  avia-bg-style-scroll container_wrap sidebar_right'  ><div class='container av-section-cont-open' ><div class='template-page content  av-content-small alpha units'><div class='post-entry post-entry-type-page post-entry-130'><div class='entry-content-wrapper clearfix'>\n<div  class='flex_column av-8vroa-650fdf3c2b8c50b995e294bf240257b1 av_one_full  avia-builder-el-12  avia-builder-el-no-sibling  first flex_column_div  '     ><style type=\"text\/css\" data-created_by=\"avia_inline_auto\" id=\"style-css-av-mam1qfkb-534da2381ee20c06442f2cdc1dc1064d\">\n#top .av_textblock_section.av-mam1qfkb-534da2381ee20c06442f2cdc1dc1064d .avia_textblock{\ncolor:#444444;\n}\n<\/style>\n<section  class='av_textblock_section av-mam1qfkb-534da2381ee20c06442f2cdc1dc1064d '   itemscope=\"itemscope\" itemtype=\"https:\/\/schema.org\/CreativeWork\" ><div class='avia_textblock av_inherit_color'  itemprop=\"text\" ><p style=\"text-align: center;\"><span style=\"font-weight: 400;\">Para saber mais sobre cada um desses servi\u00e7os e os parceiros envolvidos, entre em contato conosco. Estamos prontos para ajudar a sua empresa a crescer com seguran\u00e7a e efici\u00eancia.<\/span><\/p>\n<p style=\"text-align: center;\"><b>MSys &#8211; Solu\u00e7\u00f5es Integradas que Transformam seu Neg\u00f3cio.<\/b><\/p>\n<\/div><\/section><\/div>\n<\/div><\/div><\/div><!-- close content main div --><\/div><\/div><div id='after_section_3'  class='main_color av_default_container_wrap container_wrap sidebar_right'  ><div class='container av-section-cont-open' ><div class='template-page content  av-content-small alpha units'><div class='post-entry post-entry-type-page post-entry-130'><div class='entry-content-wrapper clearfix'><\/p>\n","protected":false},"excerpt":{"rendered":"","protected":false},"author":1,"featured_media":0,"parent":0,"menu_order":0,"comment_status":"closed","ping_status":"closed","template":"","meta":{"footnotes":""},"class_list":["post-130","page","type-page","status-publish","hentry"],"_links":{"self":[{"href":"https:\/\/msys.com.br\/site\/wp-json\/wp\/v2\/pages\/130","targetHints":{"allow":["GET"]}}],"collection":[{"href":"https:\/\/msys.com.br\/site\/wp-json\/wp\/v2\/pages"}],"about":[{"href":"https:\/\/msys.com.br\/site\/wp-json\/wp\/v2\/types\/page"}],"author":[{"embeddable":true,"href":"https:\/\/msys.com.br\/site\/wp-json\/wp\/v2\/users\/1"}],"replies":[{"embeddable":true,"href":"https:\/\/msys.com.br\/site\/wp-json\/wp\/v2\/comments?post=130"}],"version-history":[{"count":12,"href":"https:\/\/msys.com.br\/site\/wp-json\/wp\/v2\/pages\/130\/revisions"}],"predecessor-version":[{"id":359,"href":"https:\/\/msys.com.br\/site\/wp-json\/wp\/v2\/pages\/130\/revisions\/359"}],"wp:attachment":[{"href":"https:\/\/msys.com.br\/site\/wp-json\/wp\/v2\/media?parent=130"}],"curies":[{"name":"wp","href":"https:\/\/api.w.org\/{rel}","templated":true}]}}